{"id":205,"date":"2020-10-19T18:12:34","date_gmt":"2020-10-19T16:12:34","guid":{"rendered":"https:\/\/cbjurstrom.eu\/cbj\/?page_id=205"},"modified":"2025-09-11T17:03:34","modified_gmt":"2025-09-11T15:03:34","slug":"les-lois-de-lhospitalite","status":"publish","type":"page","link":"https:\/\/www.cbjurstrom.eu\/index.php\/les-lois-de-lhospitalite\/","title":{"rendered":"Les Lois de l&rsquo;Hospitalit\u00e9"},"content":{"rendered":"\n<div class=\"wp-block-media-text alignwide is-stacked-on-mobile\"><figure class=\"wp-block-media-text__media\"><img loading=\"lazy\" decoding=\"async\" width=\"1024\" height=\"812\" src=\"https:\/\/www.cbjurstrom.eu\/wp-content\/uploads\/2020\/10\/Les-Lois-de-lhospitalite-7-1024x812.jpg\" alt=\"\" class=\"wp-image-207 size-full\" srcset=\"https:\/\/www.cbjurstrom.eu\/wp-content\/uploads\/2020\/10\/Les-Lois-de-lhospitalite-7-1024x812.jpg 1024w, https:\/\/www.cbjurstrom.eu\/wp-content\/uploads\/2020\/10\/Les-Lois-de-lhospitalite-7-300x238.jpg 300w, https:\/\/www.cbjurstrom.eu\/wp-content\/uploads\/2020\/10\/Les-Lois-de-lhospitalite-7-768x609.jpg 768w, https:\/\/www.cbjurstrom.eu\/wp-content\/uploads\/2020\/10\/Les-Lois-de-lhospitalite-7.jpg 1417w\" sizes=\"auto, (max-width: 1024px) 100vw, 1024px\" \/><\/figure><div class=\"wp-block-media-text__content\">\n<p class=\"has-large-font-size\">Le film<\/p>\n\n\n\n<p>Le second long-m\u00e9trage de Buster Keaton, r\u00e9alis\u00e9 en 1923.<\/p>\n\n\n\n<p>Les clans Canfield et McKay sont rivaux. Lors d\u2019une fusillade, les deux chefs de famille sont tu\u00e9s et la veuve McKay part alors du village pour New York avec son b\u00e9b\u00e9. Vingt ann\u00e9es plus tard, Willie McKay rencontre Virginie Canfield dans un train et accepte son invitation \u00e0 d\u00eener chez elle. Tant que Willie reste dans la maison des Canfield, les lois de l\u2019hospitalit\u00e9 interdisent \u00e0 ses ennemis jur\u00e9s de faire du mal \u00e0 un invit\u00e9, mais si Willie McKay venait \u00e0 franchir le pas de la porte, personne ne r\u00e9pondrait de sa vie.<\/p>\n\n\n\n<p>Film restaur\u00e9 &#8211; DCP (74mn)<\/p>\n\n\n\n<p>Dispositif ADRC pour la version piano solo<\/p>\n\n\n\n<p><\/p>\n<\/div><\/div>\n\n\n\n<div class=\"wp-block-media-text alignwide has-media-on-the-right is-stacked-on-mobile\"><div class=\"wp-block-media-text__content\">\n<p><\/p>\n\n\n\n<p><strong>Christofer Bjurstr\u00f6m<\/strong>, piano solo \/ composition<br>Pour suivre Buster Keaton dans ce m\u00e9lange d\u2019idylle, de beaut\u00e9, de situations dangereuses, de frisson, de rire, la musique doit \u00eatre toujours en alerte, pr\u00eate \u00e0 changer de mouvement, d\u2019orientation, et c\u2019est l\u00e0 tout le plaisir de \u00ab\u00a0jouer\u00a0\u00bb avec Buster Keaton.<\/p>\n\n\n\n<p><\/p>\n<\/div><figure class=\"wp-block-media-text__media\"><img loading=\"lazy\" decoding=\"async\" width=\"1024\" height=\"792\" src=\"https:\/\/www.cbjurstrom.eu\/wp-content\/uploads\/2020\/10\/Les-Lois-de-lhospitalite-8-1024x792.jpg\" alt=\"\" class=\"wp-image-208 size-full\" srcset=\"https:\/\/www.cbjurstrom.eu\/wp-content\/uploads\/2020\/10\/Les-Lois-de-lhospitalite-8-1024x792.jpg 1024w, https:\/\/www.cbjurstrom.eu\/wp-content\/uploads\/2020\/10\/Les-Lois-de-lhospitalite-8-300x232.jpg 300w, https:\/\/www.cbjurstrom.eu\/wp-content\/uploads\/2020\/10\/Les-Lois-de-lhospitalite-8-768x594.jpg 768w, https:\/\/www.cbjurstrom.eu\/wp-content\/uploads\/2020\/10\/Les-Lois-de-lhospitalite-8.jpg 1417w\" sizes=\"auto, (max-width: 1024px) 100vw, 1024px\" \/><\/figure><\/div>\n\n\n\n<figure class=\"wp-block-image size-large\"><img loading=\"lazy\" decoding=\"async\" width=\"1024\" height=\"892\" src=\"https:\/\/cbjurstrom.eu\/cbj\/wp-content\/uploads\/2020\/10\/Les-Lois-de-lhospitalite-4-1024x892.jpg\" alt=\"Keaton-Hospitalite-4\" class=\"wp-image-209\" srcset=\"https:\/\/www.cbjurstrom.eu\/wp-content\/uploads\/2020\/10\/Les-Lois-de-lhospitalite-4-1024x892.jpg 1024w, https:\/\/www.cbjurstrom.eu\/wp-content\/uploads\/2020\/10\/Les-Lois-de-lhospitalite-4-300x261.jpg 300w, https:\/\/www.cbjurstrom.eu\/wp-content\/uploads\/2020\/10\/Les-Lois-de-lhospitalite-4-768x669.jpg 768w, https:\/\/www.cbjurstrom.eu\/wp-content\/uploads\/2020\/10\/Les-Lois-de-lhospitalite-4.jpg 1152w\" sizes=\"auto, (max-width: 1024px) 100vw, 1024px\" \/><\/figure>\n\n\n\n<figure class=\"wp-block-image size-large\"><img loading=\"lazy\" decoding=\"async\" width=\"740\" height=\"1024\" src=\"https:\/\/cbjurstrom.eu\/cbj\/wp-content\/uploads\/2020\/10\/Les-Lois-de-lhospitalite-1-740x1024.jpg\" alt=\"Keaton-Hospitalite-1\" class=\"wp-image-210\" srcset=\"https:\/\/www.cbjurstrom.eu\/wp-content\/uploads\/2020\/10\/Les-Lois-de-lhospitalite-1-740x1024.jpg 740w, https:\/\/www.cbjurstrom.eu\/wp-content\/uploads\/2020\/10\/Les-Lois-de-lhospitalite-1-217x300.jpg 217w, https:\/\/www.cbjurstrom.eu\/wp-content\/uploads\/2020\/10\/Les-Lois-de-lhospitalite-1-768x1063.jpg 768w, https:\/\/www.cbjurstrom.eu\/wp-content\/uploads\/2020\/10\/Les-Lois-de-lhospitalite-1-1109x1536.jpg 1109w, https:\/\/www.cbjurstrom.eu\/wp-content\/uploads\/2020\/10\/Les-Lois-de-lhospitalite-1.jpg 1181w\" sizes=\"auto, (max-width: 740px) 100vw, 740px\" \/><\/figure>\n\n\n\n<p><strong>Une version en trio\u00a0de ce cin\u00e9-concert (<\/strong>une composition \u00e0 trois t\u00eates et six mains, commande de la Sc\u00e8ne Nationale de Sceaux \/ Les G\u00e9meaux ) a \u00e9t\u00e9 cr\u00e9\u00e9e en mars 2021<br>.<strong> Jacques Cambra<\/strong>\u00a0: piano, acord\u00e9on<br>.<strong> Franck Tortiller<\/strong>\u00a0: vibraphone<br>. <strong>Christofer Bjurstr\u00f6m<\/strong>\u00a0: piano, fl\u00fbte<br><\/p>\n","protected":false},"excerpt":{"rendered":"<p>Le film Le second long-m\u00e9trage de Buster Keaton, r\u00e9alis\u00e9 en 1923. Les clans Canfield et McKay sont rivaux. Lors d\u2019une fusillade, les deux chefs de famille sont tu\u00e9s et la veuve McKay part alors du village pour New York avec son b\u00e9b\u00e9. Vingt ann\u00e9es plus tard, Willie McKay rencontre Virginie Canfield dans un train et&hellip;&nbsp;<\/p>\n","protected":false},"author":1,"featured_media":210,"parent":0,"menu_order":0,"comment_status":"closed","ping_status":"closed","template":"","meta":{"neve_meta_sidebar":"","neve_meta_container":"","neve_meta_enable_content_width":"","neve_meta_content_width":0,"neve_meta_title_alignment":"","neve_meta_author_avatar":"","neve_post_elements_order":"","neve_meta_disable_header":"","neve_meta_disable_footer":"","neve_meta_disable_title":"","footnotes":""},"class_list":["post-205","page","type-page","status-publish","has-post-thumbnail","hentry"],"_links":{"self":[{"href":"https:\/\/www.cbjurstrom.eu\/index.php\/wp-json\/wp\/v2\/pages\/205","targetHints":{"allow":["GET"]}}],"collection":[{"href":"https:\/\/www.cbjurstrom.eu\/index.php\/wp-json\/wp\/v2\/pages"}],"about":[{"href":"https:\/\/www.cbjurstrom.eu\/index.php\/wp-json\/wp\/v2\/types\/page"}],"author":[{"embeddable":true,"href":"https:\/\/www.cbjurstrom.eu\/index.php\/wp-json\/wp\/v2\/users\/1"}],"replies":[{"embeddable":true,"href":"https:\/\/www.cbjurstrom.eu\/index.php\/wp-json\/wp\/v2\/comments?post=205"}],"version-history":[{"count":5,"href":"https:\/\/www.cbjurstrom.eu\/index.php\/wp-json\/wp\/v2\/pages\/205\/revisions"}],"predecessor-version":[{"id":11076,"href":"https:\/\/www.cbjurstrom.eu\/index.php\/wp-json\/wp\/v2\/pages\/205\/revisions\/11076"}],"wp:featuredmedia":[{"embeddable":true,"href":"https:\/\/www.cbjurstrom.eu\/index.php\/wp-json\/wp\/v2\/media\/210"}],"wp:attachment":[{"href":"https:\/\/www.cbjurstrom.eu\/index.php\/wp-json\/wp\/v2\/media?parent=205"}],"curies":[{"name":"wp","href":"https:\/\/api.w.org\/{rel}","templated":true}]}}