{"id":201,"date":"2020-10-19T18:06:37","date_gmt":"2020-10-19T16:06:37","guid":{"rendered":"https:\/\/cbjurstrom.eu\/cbj\/?page_id=201"},"modified":"2021-08-14T16:10:39","modified_gmt":"2021-08-14T14:10:39","slug":"le-dernier-round-battling-butler","status":"publish","type":"page","link":"https:\/\/www.cbjurstrom.eu\/index.php\/le-dernier-round-battling-butler\/","title":{"rendered":"Le Dernier Round (Battling Butler)"},"content":{"rendered":"\n<div class=\"wp-block-media-text alignwide is-stacked-on-mobile\"><figure class=\"wp-block-media-text__media\"><img loading=\"lazy\" decoding=\"async\" width=\"1024\" height=\"809\" src=\"https:\/\/cbjurstrom.eu\/cbj\/wp-content\/uploads\/2020\/10\/battling-butler02-1-1024x809.jpg\" alt=\"\" class=\"wp-image-202 size-full\" srcset=\"https:\/\/www.cbjurstrom.eu\/wp-content\/uploads\/2020\/10\/battling-butler02-1-1024x809.jpg 1024w, https:\/\/www.cbjurstrom.eu\/wp-content\/uploads\/2020\/10\/battling-butler02-1-300x237.jpg 300w, https:\/\/www.cbjurstrom.eu\/wp-content\/uploads\/2020\/10\/battling-butler02-1-768x607.jpg 768w, https:\/\/www.cbjurstrom.eu\/wp-content\/uploads\/2020\/10\/battling-butler02-1.jpg 1500w\" sizes=\"auto, (max-width: 1024px) 100vw, 1024px\" \/><\/figure><div class=\"wp-block-media-text__content\">\n<h2 class=\"wp-block-heading\">Le Film<\/h2>\n\n\n\n<p>Un film de Buster Keaton (1926)<\/p>\n\n\n\n<p>Dans Batling Butler (Le Dernier Round), Buster Keaton incarne un jeune homme riche, Alfred Butler. Il tombe amoureux d\u2019une jeune fille de la campagne, et pour impressionner les parents de la jeune fille, son valet raconte qu\u2019il n\u2019est autre que le c\u00e9l\u00e8bre champion de boxe Battling Butler\u2026. Alfred doit donc se rendre \u00e0 l\u2019entra\u00eenement du champion de boxe pour ne pas \u00e9venter le mensonge\u2026..<\/p>\n\n\n\n<p>Le comique, dans ce film, se situe surtout dans les personnages : le personnage de Buster Keaton, bien s\u00fbr, lunaire mais toujours bien \u00e9lev\u00e9 (\u00e0 quelques surprises pr\u00e8s), mais aussi et surtout son fid\u00e8le valet, Snitz Edwards, qui appara\u00eet dans d\u2019autres films de Keaton (College, Fianc\u00e9es en Folie) mais aussi et surtout dans Le Voleur de Bagdad de Raoul Walsh aux c\u00f4t\u00e9s de Douglas Fairbanks, et qui donc apporte sa couleur inimitable dans ce film. Et il y a aussi bien s\u00fbr la p\u00e9tulante fianc\u00e9e, Sally O\u2019Neil.<\/p>\n\n\n\n<p>Film restaur\u00e9 &#8211; DCP &#8211; 75mn<\/p>\n<\/div><\/div>\n\n\n\n<div class=\"wp-block-media-text alignwide has-media-on-the-right is-stacked-on-mobile\"><figure class=\"wp-block-media-text__media\"><img loading=\"lazy\" decoding=\"async\" width=\"1024\" height=\"801\" src=\"https:\/\/cbjurstrom.eu\/cbj\/wp-content\/uploads\/2020\/10\/battling-butler03-1-1024x801.jpg\" alt=\"\" class=\"wp-image-203 size-full\" srcset=\"https:\/\/www.cbjurstrom.eu\/wp-content\/uploads\/2020\/10\/battling-butler03-1-1024x801.jpg 1024w, https:\/\/www.cbjurstrom.eu\/wp-content\/uploads\/2020\/10\/battling-butler03-1-300x235.jpg 300w, https:\/\/www.cbjurstrom.eu\/wp-content\/uploads\/2020\/10\/battling-butler03-1-768x600.jpg 768w, https:\/\/www.cbjurstrom.eu\/wp-content\/uploads\/2020\/10\/battling-butler03-1.jpg 1279w\" sizes=\"auto, (max-width: 1024px) 100vw, 1024px\" \/><\/figure><div class=\"wp-block-media-text__content\">\n<p class=\"has-large-font-size\">La musique<\/p>\n\n\n\n<p>Musique de Christofer Bjurstr\u00f6m<br>Christofer Bjurstr\u00f6m, piano solo<\/p>\n\n\n\n<p><em>\u00ab\u00a0Pour ce film plein de quiproquos, o\u00f9 Buster Keaton incarne, comme dans plusieurs autres films, un jeune et riche oisif, j\u2019ai eu envie d\u2019une musique qui prenne en compte d\u2019une part sa na\u00efvet\u00e9 et son attitude lunaire face aux \u00e9v\u00e9nements de la vie et d\u2019autre part le mouvement, voire l\u2019agressivit\u00e9 des s\u00e9ances d\u2019entra\u00eenement et de combat de boxe.\u00a0\u00bb<\/em><\/p>\n\n\n\n<p>Un exemple ci-dessous:<\/p>\n\n\n\n<figure class=\"wp-block-audio\"><audio controls src=\"https:\/\/www.cbjurstrom.eu\/wp-content\/uploads\/2020\/10\/battling-butler-4.mp3\"><\/audio><figcaption>Le Dernier Round<\/figcaption><\/figure>\n\n\n\n<p><\/p>\n<\/div><\/div>\n","protected":false},"excerpt":{"rendered":"<p>Le Film Un film de Buster Keaton (1926) Dans Batling Butler (Le Dernier Round), Buster Keaton incarne un jeune homme riche, Alfred Butler. Il tombe amoureux d\u2019une jeune fille de la campagne, et pour impressionner les parents de la jeune fille, son valet raconte qu\u2019il n\u2019est autre que le c\u00e9l\u00e8bre champion de boxe Battling Butler\u2026.&hellip;&nbsp;<\/p>\n","protected":false},"author":1,"featured_media":202,"parent":0,"menu_order":0,"comment_status":"closed","ping_status":"closed","template":"","meta":{"neve_meta_sidebar":"","neve_meta_container":"","neve_meta_enable_content_width":"","neve_meta_content_width":0,"neve_meta_title_alignment":"","neve_meta_author_avatar":"","neve_post_elements_order":"","neve_meta_disable_header":"","neve_meta_disable_footer":"","neve_meta_disable_title":"","footnotes":""},"class_list":["post-201","page","type-page","status-publish","has-post-thumbnail","hentry"],"_links":{"self":[{"href":"https:\/\/www.cbjurstrom.eu\/index.php\/wp-json\/wp\/v2\/pages\/201","targetHints":{"allow":["GET"]}}],"collection":[{"href":"https:\/\/www.cbjurstrom.eu\/index.php\/wp-json\/wp\/v2\/pages"}],"about":[{"href":"https:\/\/www.cbjurstrom.eu\/index.php\/wp-json\/wp\/v2\/types\/page"}],"author":[{"embeddable":true,"href":"https:\/\/www.cbjurstrom.eu\/index.php\/wp-json\/wp\/v2\/users\/1"}],"replies":[{"embeddable":true,"href":"https:\/\/www.cbjurstrom.eu\/index.php\/wp-json\/wp\/v2\/comments?post=201"}],"version-history":[{"count":2,"href":"https:\/\/www.cbjurstrom.eu\/index.php\/wp-json\/wp\/v2\/pages\/201\/revisions"}],"predecessor-version":[{"id":10195,"href":"https:\/\/www.cbjurstrom.eu\/index.php\/wp-json\/wp\/v2\/pages\/201\/revisions\/10195"}],"wp:featuredmedia":[{"embeddable":true,"href":"https:\/\/www.cbjurstrom.eu\/index.php\/wp-json\/wp\/v2\/media\/202"}],"wp:attachment":[{"href":"https:\/\/www.cbjurstrom.eu\/index.php\/wp-json\/wp\/v2\/media?parent=201"}],"curies":[{"name":"wp","href":"https:\/\/api.w.org\/{rel}","templated":true}]}}