{"id":196,"date":"2020-10-19T17:46:07","date_gmt":"2020-10-19T15:46:07","guid":{"rendered":"https:\/\/cbjurstrom.eu\/cbj\/?page_id=196"},"modified":"2020-10-19T17:48:39","modified_gmt":"2020-10-19T15:48:39","slug":"fiancees-en-folie-seven-chances","status":"publish","type":"page","link":"https:\/\/www.cbjurstrom.eu\/index.php\/fiancees-en-folie-seven-chances\/","title":{"rendered":"Fianc\u00e9es en Folie (Seven Chances)"},"content":{"rendered":"\n<div class=\"wp-block-media-text alignwide is-stacked-on-mobile\"><figure class=\"wp-block-media-text__media\"><img loading=\"lazy\" decoding=\"async\" width=\"1024\" height=\"778\" src=\"https:\/\/cbjurstrom.eu\/cbj\/wp-content\/uploads\/2020\/10\/les_fiancees_en_folie_restauration_11-1-1024x778.jpg\" alt=\"\" class=\"wp-image-197\" srcset=\"https:\/\/www.cbjurstrom.eu\/wp-content\/uploads\/2020\/10\/les_fiancees_en_folie_restauration_11-1-1024x778.jpg 1024w, https:\/\/www.cbjurstrom.eu\/wp-content\/uploads\/2020\/10\/les_fiancees_en_folie_restauration_11-1-300x228.jpg 300w, https:\/\/www.cbjurstrom.eu\/wp-content\/uploads\/2020\/10\/les_fiancees_en_folie_restauration_11-1-768x584.jpg 768w, https:\/\/www.cbjurstrom.eu\/wp-content\/uploads\/2020\/10\/les_fiancees_en_folie_restauration_11-1-1536x1167.jpg 1536w, https:\/\/www.cbjurstrom.eu\/wp-content\/uploads\/2020\/10\/les_fiancees_en_folie_restauration_11-1-2048x1557.jpg 2048w\" sizes=\"auto, (max-width: 1024px) 100vw, 1024px\" \/><\/figure><div class=\"wp-block-media-text__content\">\n<h2 class=\"wp-block-heading\">Le Film<\/h2>\n\n\n\n<p><strong>Un film de Buster Keaton<\/strong>, r\u00e9alis\u00e9 en 1925.<br>Avec Buster Keaton, T. Roy Barnes, Snitz Edwards, Ruth Dwyer, Frances Raymond, Erwin Connelly, Jules Cowles<\/p>\n\n\n\n<p>James apprend de la bouche d\u2019un notaire qu\u2019il est l\u2019unique h\u00e9ritier d\u2019une colossale fortune. L\u2019h\u00e9ritage est cependant soumis \u00e0 une condition imp\u00e9rative : il doit \u00eatre mari\u00e9 avant son prochain anniversaire. Paniqu\u00e9, le jeune homme a d\u00e9sormais en tout et pour tout un jour pour se marier. Il a bien une petite id\u00e9e concernant l\u2019heureuse \u00e9lue, mais devant les raisons si peu flatteuses de sa demande en mariage, sa bien-aim\u00e9e refuse de l\u2019\u00e9pouser\u2026<\/p>\n\n\n\n<p>Une course-poursuite \u00e9chevel\u00e9e, avec des s\u00e9quences d\u2019anthologie.<\/p>\n\n\n\n<p><strong>Film restaur\u00e9, DCP<\/strong><\/p>\n<\/div><\/div>\n\n\n\n<div class=\"wp-block-media-text alignwide has-media-on-the-right is-stacked-on-mobile\"><figure class=\"wp-block-media-text__media\"><img loading=\"lazy\" decoding=\"async\" width=\"1024\" height=\"778\" src=\"https:\/\/cbjurstrom.eu\/cbj\/wp-content\/uploads\/2020\/10\/les_fiancees_en_folie_restauration_13-1-1024x778.jpg\" alt=\"\" class=\"wp-image-198\" srcset=\"https:\/\/www.cbjurstrom.eu\/wp-content\/uploads\/2020\/10\/les_fiancees_en_folie_restauration_13-1-1024x778.jpg 1024w, https:\/\/www.cbjurstrom.eu\/wp-content\/uploads\/2020\/10\/les_fiancees_en_folie_restauration_13-1-300x228.jpg 300w, https:\/\/www.cbjurstrom.eu\/wp-content\/uploads\/2020\/10\/les_fiancees_en_folie_restauration_13-1-768x584.jpg 768w, https:\/\/www.cbjurstrom.eu\/wp-content\/uploads\/2020\/10\/les_fiancees_en_folie_restauration_13-1-1536x1167.jpg 1536w, https:\/\/www.cbjurstrom.eu\/wp-content\/uploads\/2020\/10\/les_fiancees_en_folie_restauration_13-1-2048x1557.jpg 2048w\" sizes=\"auto, (max-width: 1024px) 100vw, 1024px\" \/><\/figure><div class=\"wp-block-media-text__content\">\n<h2 class=\"wp-block-heading\">La Musique<\/h2>\n\n\n\n<p><strong>\u00ab\u00a0Fianc\u00e9es en Folie\u00a0\u00bb<\/strong> est un film qui n\u2019est jamais vraiment en repos, o\u00f9 le rythme s\u2019acc\u00e9l\u00e8re parfois subitement et qui a parfois des caract\u00e8res de r\u00eave plus ou moins \u00e9veill\u00e9. Du coup, une musique toujours pr\u00eate \u00e0 rebondir, \u00e0 red\u00e9marrer, \u00e0 partir en course poursuite.<\/p>\n\n\n\n<p>Pour ce film, deux propositions&nbsp;:<\/p>\n\n\n\n<ul class=\"wp-block-list\"><li><strong>soit un solo de piano avec quelques touches d\u2019\u00e9lectronique<\/strong> (boucles, retraitements de sons)<ul><li>Christofer Bjurstr\u00f6m, piano solo<\/li><\/ul><\/li><li><strong>soit le duo piano batterie<\/strong> avec la complicit\u00e9 de Nicolas Pointard<ul><li>Christofer Bjurstr\u00f6m, piano<\/li><li>Nicolas Pointard, batterie<\/li><\/ul><\/li><\/ul>\n<\/div><\/div>\n\n\n\n<figure class=\"wp-block-image size-large\"><img loading=\"lazy\" decoding=\"async\" width=\"1024\" height=\"778\" src=\"https:\/\/cbjurstrom.eu\/cbj\/wp-content\/uploads\/2020\/10\/les_fiancees_en_folie_restauration_15-1-1024x778.jpg\" alt=\"\" class=\"wp-image-199\" srcset=\"https:\/\/www.cbjurstrom.eu\/wp-content\/uploads\/2020\/10\/les_fiancees_en_folie_restauration_15-1-1024x778.jpg 1024w, https:\/\/www.cbjurstrom.eu\/wp-content\/uploads\/2020\/10\/les_fiancees_en_folie_restauration_15-1-300x228.jpg 300w, https:\/\/www.cbjurstrom.eu\/wp-content\/uploads\/2020\/10\/les_fiancees_en_folie_restauration_15-1-768x584.jpg 768w, https:\/\/www.cbjurstrom.eu\/wp-content\/uploads\/2020\/10\/les_fiancees_en_folie_restauration_15-1-1536x1167.jpg 1536w, https:\/\/www.cbjurstrom.eu\/wp-content\/uploads\/2020\/10\/les_fiancees_en_folie_restauration_15-1-2048x1557.jpg 2048w\" sizes=\"auto, (max-width: 1024px) 100vw, 1024px\" \/><\/figure>\n","protected":false},"excerpt":{"rendered":"<p>Le Film Un film de Buster Keaton, r\u00e9alis\u00e9 en 1925.Avec Buster Keaton, T. Roy Barnes, Snitz Edwards, Ruth Dwyer, Frances Raymond, Erwin Connelly, Jules Cowles James apprend de la bouche d\u2019un notaire qu\u2019il est l\u2019unique h\u00e9ritier d\u2019une colossale fortune. L\u2019h\u00e9ritage est cependant soumis \u00e0 une condition imp\u00e9rative : il doit \u00eatre mari\u00e9 avant son prochain&hellip;&nbsp;<\/p>\n","protected":false},"author":1,"featured_media":199,"parent":0,"menu_order":0,"comment_status":"closed","ping_status":"closed","template":"","meta":{"neve_meta_sidebar":"","neve_meta_container":"","neve_meta_enable_content_width":"","neve_meta_content_width":0,"neve_meta_title_alignment":"","neve_meta_author_avatar":"","neve_post_elements_order":"","neve_meta_disable_header":"","neve_meta_disable_footer":"","neve_meta_disable_title":"","footnotes":""},"class_list":["post-196","page","type-page","status-publish","has-post-thumbnail","hentry"],"_links":{"self":[{"href":"https:\/\/www.cbjurstrom.eu\/index.php\/wp-json\/wp\/v2\/pages\/196","targetHints":{"allow":["GET"]}}],"collection":[{"href":"https:\/\/www.cbjurstrom.eu\/index.php\/wp-json\/wp\/v2\/pages"}],"about":[{"href":"https:\/\/www.cbjurstrom.eu\/index.php\/wp-json\/wp\/v2\/types\/page"}],"author":[{"embeddable":true,"href":"https:\/\/www.cbjurstrom.eu\/index.php\/wp-json\/wp\/v2\/users\/1"}],"replies":[{"embeddable":true,"href":"https:\/\/www.cbjurstrom.eu\/index.php\/wp-json\/wp\/v2\/comments?post=196"}],"version-history":[{"count":1,"href":"https:\/\/www.cbjurstrom.eu\/index.php\/wp-json\/wp\/v2\/pages\/196\/revisions"}],"predecessor-version":[{"id":200,"href":"https:\/\/www.cbjurstrom.eu\/index.php\/wp-json\/wp\/v2\/pages\/196\/revisions\/200"}],"wp:featuredmedia":[{"embeddable":true,"href":"https:\/\/www.cbjurstrom.eu\/index.php\/wp-json\/wp\/v2\/media\/199"}],"wp:attachment":[{"href":"https:\/\/www.cbjurstrom.eu\/index.php\/wp-json\/wp\/v2\/media?parent=196"}],"curies":[{"name":"wp","href":"https:\/\/api.w.org\/{rel}","templated":true}]}}