{"id":19,"date":"2020-10-16T17:27:11","date_gmt":"2020-10-16T15:27:11","guid":{"rendered":"http:\/\/cbjurstrom.eu\/cbj\/?page_id=19"},"modified":"2020-11-11T19:06:19","modified_gmt":"2020-11-11T18:06:19","slug":"musique-en-concert","status":"publish","type":"page","link":"https:\/\/www.cbjurstrom.eu\/index.php\/musique-en-concert\/","title":{"rendered":"Musique en concert"},"content":{"rendered":"\n<p><strong><em>Pour faire un petit portrait rapide, fondamentalement, qu&rsquo;est-ce qui m&rsquo;int\u00e9resse? La musique sous beaucoup de formes, jouer des pi\u00e8ces dont je suis l&rsquo;auteur, et naviguer entre l&rsquo;\u00e9criture et l&rsquo;improvisation. Et finalement, \u00eatre pr\u00e9sent musicalement sans \u00eatre jamais tout \u00e0 fait le m\u00eame, comme ces musiques sont le reflet multiple de ceux qui la composent et de ceux qui la font vivre.<\/em><\/strong><br><\/p>\n\n\n\n<p>Et donc des formations diverses\u2026\u2026\u2026 que vous pourrez retrouver en cliquant sur les onglets correspondants, dans le menu \u00ab\u00a0musique en concert\u00a0\u00bb.<\/p>\n\n\n\n<p>Les musiques \u00e0 \u00e9couter: <\/p>\n\n\n\n<iframe loading=\"lazy\" scrolling=\"no\" allow=\"autoplay\" src=\"https:\/\/w.soundcloud.com\/player\/?url=https%3A\/\/api.soundcloud.com\/users\/458553345&amp;color=%23ff5500&amp;auto_play=false&amp;hide_related=false&amp;show_comments=true&amp;show_user=true&amp;show_reposts=false&amp;show_teaser=true&amp;visual=true\" width=\"100%\" height=\"300\" frameborder=\"no\"><\/iframe>\n","protected":false},"excerpt":{"rendered":"<p>Pour faire un petit portrait rapide, fondamentalement, qu&rsquo;est-ce qui m&rsquo;int\u00e9resse? La musique sous beaucoup de formes, jouer des pi\u00e8ces dont je suis l&rsquo;auteur, et naviguer entre l&rsquo;\u00e9criture et l&rsquo;improvisation. Et finalement, \u00eatre pr\u00e9sent musicalement sans \u00eatre jamais tout \u00e0 fait le m\u00eame, comme ces musiques sont le reflet multiple de ceux qui la composent et&hellip;&nbsp;<\/p>\n","protected":false},"author":1,"featured_media":661,"parent":0,"menu_order":0,"comment_status":"closed","ping_status":"closed","template":"","meta":{"neve_meta_sidebar":"","neve_meta_container":"","neve_meta_enable_content_width":"","neve_meta_content_width":0,"neve_meta_title_alignment":"","neve_meta_author_avatar":"","neve_post_elements_order":"","neve_meta_disable_header":"","neve_meta_disable_footer":"","neve_meta_disable_title":"","footnotes":""},"class_list":["post-19","page","type-page","status-publish","has-post-thumbnail","hentry"],"_links":{"self":[{"href":"https:\/\/www.cbjurstrom.eu\/index.php\/wp-json\/wp\/v2\/pages\/19","targetHints":{"allow":["GET"]}}],"collection":[{"href":"https:\/\/www.cbjurstrom.eu\/index.php\/wp-json\/wp\/v2\/pages"}],"about":[{"href":"https:\/\/www.cbjurstrom.eu\/index.php\/wp-json\/wp\/v2\/types\/page"}],"author":[{"embeddable":true,"href":"https:\/\/www.cbjurstrom.eu\/index.php\/wp-json\/wp\/v2\/users\/1"}],"replies":[{"embeddable":true,"href":"https:\/\/www.cbjurstrom.eu\/index.php\/wp-json\/wp\/v2\/comments?post=19"}],"version-history":[{"count":3,"href":"https:\/\/www.cbjurstrom.eu\/index.php\/wp-json\/wp\/v2\/pages\/19\/revisions"}],"predecessor-version":[{"id":22,"href":"https:\/\/www.cbjurstrom.eu\/index.php\/wp-json\/wp\/v2\/pages\/19\/revisions\/22"}],"wp:featuredmedia":[{"embeddable":true,"href":"https:\/\/www.cbjurstrom.eu\/index.php\/wp-json\/wp\/v2\/media\/661"}],"wp:attachment":[{"href":"https:\/\/www.cbjurstrom.eu\/index.php\/wp-json\/wp\/v2\/media?parent=19"}],"curies":[{"name":"wp","href":"https:\/\/api.w.org\/{rel}","templated":true}]}}