{"id":174,"date":"2020-10-16T19:58:50","date_gmt":"2020-10-16T17:58:50","guid":{"rendered":"http:\/\/cbjurstrom.eu\/cbj\/?page_id=174"},"modified":"2020-11-26T18:56:43","modified_gmt":"2020-11-26T17:56:43","slug":"jai-tant-aime-ce-monde","status":"publish","type":"page","link":"https:\/\/www.cbjurstrom.eu\/index.php\/jai-tant-aime-ce-monde\/","title":{"rendered":"J&rsquo;ai tant aim\u00e9 ce monde"},"content":{"rendered":"\n<figure class=\"wp-block-pullquote\"><blockquote><p><strong>\u00ab\u00a0Derniers mouvements, derniers regards, un rien de souffle encore\u2026\u00a0\u00bb<\/strong><\/p><\/blockquote><\/figure>\n\n\n\n<p class=\"has-large-font-size\">Th\u00e9\u00e2tre |Musique | Arts visuels<\/p>\n\n\n\n<p class=\"has-medium-font-size\"><strong>Un spectacle de Christofer Bjurstr\u00f6m, Pascal Guin et Yann Nguema<\/strong> <\/p>\n\n\n\n<p><div class=\"nv-iframe-embed\"><iframe loading=\"lazy\" title=\"J ai tant aime ce monde Presentation\" src=\"https:\/\/player.vimeo.com\/video\/102622134?dnt=1&amp;app_id=122963\" width=\"1200\" height=\"675\" frameborder=\"0\" allow=\"autoplay; fullscreen; picture-in-picture; clipboard-write; encrypted-media; web-share\" referrerpolicy=\"strict-origin-when-cross-origin\"><\/iframe><\/div><\/p>\n\n\n\n<p><a href=\"https:\/\/vimeo.com\/102622134\">J ai tant aime ce monde Presentation<\/a> from <a href=\"https:\/\/vimeo.com\/user23578571\">Christofer Bjurstr\u00f6m<\/a> on <a href=\"https:\/\/vimeo.com\">Vimeo<\/a>.<\/p>\n\n\n\n<p>-* Diane Kulenkamp, <strong>com\u00e9dienne<\/strong><br>-* Agn\u00e8s Vesterman,<strong> violoncelle<\/strong><br>-* Christofer Bjurstr\u00f6m, <strong>piano | composition<\/strong><br>-* Pascal Guin, <strong>com\u00e9dien | metteur en sc\u00e8ne<\/strong><\/p>\n\n\n\n<p>Quand Christofer Bjurstr\u00f6m et Pascal Guin (<em>Novecento: pianiste<\/em>) s&rsquo;associent \u00e0 Yann Nguema, co-fondateur du groupe EZ3kiel, ils donnent ensemble naissance \u00e0 une cr\u00e9ation qui conjugue th\u00e9\u00e2tre, musique et arts visuels.<br>La fin du monde est imminente. Le soleil se rapproche dangereusement de la Terre. Le compte \u00e0 rebours a commenc\u00e9 et il devient plus qu&rsquo;urgent de c\u00e9l\u00e9brer la beaut\u00e9 de la vie. En s&rsquo;inspirant d&rsquo;un texte que Charles-Ferdinand Ramuz \u00e9crivit il y presque un si\u00e8cle, Christofer Bjurstr\u00f6m et Pascal Guin proposent un spectacle envo\u00fbtant et sensoriel reposant sur une osmose parfaite entre musique, jeu et arts visuels.<br>Sur sc\u00e8ne, deux com\u00e9diens et deux musiciens se donnent la r\u00e9plique et, \u00e0 l&rsquo;unisson, d\u00e9roulent une succession de tableaux impressionnistes qui nous rappellent la fulgurance et la splendeur de l&rsquo;existence. Une splendeur qui s&rsquo;incarne dans les images, r\u00e9elles ou projet\u00e9es, con\u00e7ues par Yann Nguema.\u00a0\u00bb<\/p>\n\n\n\n<p>{\u00a0\u00bb Dans cette p\u00e9riode difficile, vous nous rappelez avec justesse que cette atmosph\u00e8re a d\u00e9j\u00e0 exist\u00e9 par le pass\u00e9 mais la forme choisie se veut novatrice et explicite, touchant \u00e0 diff\u00e9rentes formes artistiques afin de nous faire entendre au mieux un texte d&rsquo;une grande pertinence.\u00a0\u00bb}<br><strong>Jacky Castang, directeur de Sc\u00e8nes Vosges<\/strong><\/p>\n\n\n\n<p>{\u00ab\u00a0\u2026Une forme originale et une sc\u00e9nographie fascinante\u2026\u00a0\u00bb}<br><strong>Myl\u00e8ne Humbert-Lucas, directrice de La Lucarne<\/strong><\/p>\n\n\n\n<p>{\u00ab\u00a0\u2026Ce spectacle\u2026Je l&rsquo;ai vu na\u00eetre\u2026Je le vois grandir. A chaque r\u00e9p\u00e9tition puis repr\u00e9sentation, j&rsquo;assistais \u00e0 la naissance puis \u00e0 la mort d&rsquo;un monde virtuel (l&rsquo;est-il tant que \u00e7a ?) : celui fait des images extraordinaires de Yann Nguema, des polyphonies de Christofer Bjurstr\u00f6m et d&rsquo;Agn\u00e8s Vesterman, et de la force de Pascal Guin et Diane Kulenkamp inspir\u00e9s des mots de C-F. Ramuz. C&rsquo;est une exp\u00e9rience \u00e9prouvante.. Nous autres spectateurs pench\u00e9s sur cette Terre en miniature, l\u00e0, sur sc\u00e8ne, dans cette repr\u00e9sentation du monde o\u00f9 nous pourrions \u00eatre. Et voir notre d\u00e9clin, en un requiem grandiose et pr\u00e9cieux. J&rsquo;ai tant aim\u00e9 ce spectacle\u2026\u00a0\u00bb}<br><strong>Xavier Le Jeune, directeur de L&rsquo;Estran<\/strong><\/p>\n\n\n\n<p>{\u00ab\u00a0Un texte tragique et beau, empreint de po\u00e9sie, port\u00e9 par une musique subtile, distillant l&rsquo;\u00e9motion, sur une sc\u00e9nographie inventive et magique\u2026\u00a0\u00bb}<br><strong>Dominique Grelier, directeur de P\u00f4le Sud<\/strong><\/p>\n\n\n\n<p>Pour un \u00ab\u00a0r\u00e9sum\u00e9\u00a0\u00bb plus long du spectacle: <\/p>\n\n\n\n<p><div class=\"nv-iframe-embed\"><iframe loading=\"lazy\" title=\"Pr\u00e9sentation du spectacle &quot;J&quot;ai tant aim\u00e9 ce monde&quot;\" src=\"https:\/\/player.vimeo.com\/video\/93427166?dnt=1&amp;app_id=122963\" width=\"640\" height=\"480\" frameborder=\"0\" allow=\"autoplay; fullscreen; picture-in-picture; clipboard-write; encrypted-media; web-share\" referrerpolicy=\"strict-origin-when-cross-origin\"><\/iframe><\/div><\/p>\n\n\n\n<p><a href=\"https:\/\/vimeo.com\/93427166\">Pr\u00e9sentation du spectacle \u00ab\u00a0J\u00a0\u00bbai tant aim\u00e9 ce monde\u00a0\u00bb<\/a> from <a href=\"https:\/\/vimeo.com\/user23578571\">Christofer Bjurstr\u00f6m<\/a> on <a href=\"https:\/\/vimeo.com\">Vimeo<\/a>.<\/p>\n","protected":false},"excerpt":{"rendered":"<p>\u00ab\u00a0Derniers mouvements, derniers regards, un rien de souffle encore\u2026\u00a0\u00bb Th\u00e9\u00e2tre |Musique | Arts visuels Un spectacle de Christofer Bjurstr\u00f6m, Pascal Guin et Yann Nguema J ai tant aime ce monde Presentation from Christofer Bjurstr\u00f6m on Vimeo. -* Diane Kulenkamp, com\u00e9dienne-* Agn\u00e8s Vesterman, violoncelle-* Christofer Bjurstr\u00f6m, piano | composition-* Pascal Guin, com\u00e9dien | metteur en sc\u00e8ne&hellip;&nbsp;<\/p>\n","protected":false},"author":1,"featured_media":64,"parent":0,"menu_order":0,"comment_status":"closed","ping_status":"closed","template":"","meta":{"neve_meta_sidebar":"","neve_meta_container":"","neve_meta_enable_content_width":"","neve_meta_content_width":0,"neve_meta_title_alignment":"","neve_meta_author_avatar":"","neve_post_elements_order":"","neve_meta_disable_header":"","neve_meta_disable_footer":"","neve_meta_disable_title":"","footnotes":""},"class_list":["post-174","page","type-page","status-publish","has-post-thumbnail","hentry"],"_links":{"self":[{"href":"https:\/\/www.cbjurstrom.eu\/index.php\/wp-json\/wp\/v2\/pages\/174","targetHints":{"allow":["GET"]}}],"collection":[{"href":"https:\/\/www.cbjurstrom.eu\/index.php\/wp-json\/wp\/v2\/pages"}],"about":[{"href":"https:\/\/www.cbjurstrom.eu\/index.php\/wp-json\/wp\/v2\/types\/page"}],"author":[{"embeddable":true,"href":"https:\/\/www.cbjurstrom.eu\/index.php\/wp-json\/wp\/v2\/users\/1"}],"replies":[{"embeddable":true,"href":"https:\/\/www.cbjurstrom.eu\/index.php\/wp-json\/wp\/v2\/comments?post=174"}],"version-history":[{"count":3,"href":"https:\/\/www.cbjurstrom.eu\/index.php\/wp-json\/wp\/v2\/pages\/174\/revisions"}],"predecessor-version":[{"id":1000,"href":"https:\/\/www.cbjurstrom.eu\/index.php\/wp-json\/wp\/v2\/pages\/174\/revisions\/1000"}],"wp:featuredmedia":[{"embeddable":true,"href":"https:\/\/www.cbjurstrom.eu\/index.php\/wp-json\/wp\/v2\/media\/64"}],"wp:attachment":[{"href":"https:\/\/www.cbjurstrom.eu\/index.php\/wp-json\/wp\/v2\/media?parent=174"}],"curies":[{"name":"wp","href":"https:\/\/api.w.org\/{rel}","templated":true}]}}