{"id":171,"date":"2020-10-16T19:54:00","date_gmt":"2020-10-16T17:54:00","guid":{"rendered":"http:\/\/cbjurstrom.eu\/cbj\/?page_id=171"},"modified":"2025-09-11T16:53:46","modified_gmt":"2025-09-11T14:53:46","slug":"novecento-pianiste","status":"publish","type":"page","link":"https:\/\/www.cbjurstrom.eu\/index.php\/novecento-pianiste\/","title":{"rendered":"Novecento, pianiste"},"content":{"rendered":"\n<div class=\"wp-block-media-text alignwide is-stacked-on-mobile\"><figure class=\"wp-block-media-text__media\"><img loading=\"lazy\" decoding=\"async\" width=\"713\" height=\"834\" src=\"https:\/\/www.cbjurstrom.eu\/wp-content\/uploads\/Haut-Affiche-Novecento.jpg\" alt=\"\" class=\"wp-image-11145 size-full\" srcset=\"https:\/\/www.cbjurstrom.eu\/wp-content\/uploads\/Haut-Affiche-Novecento.jpg 713w, https:\/\/www.cbjurstrom.eu\/wp-content\/uploads\/Haut-Affiche-Novecento-256x300.jpg 256w\" sizes=\"auto, (max-width: 713px) 100vw, 713px\" \/><\/figure><div class=\"wp-block-media-text__content\">\n<p class=\"has-large-font-size\"><strong>Un voyage musical sur l&rsquo;oc\u00e9an\u2026.<\/strong><\/p>\n\n\n\n<p class=\"has-medium-font-size\">Un spectacle du Th\u00e9\u00e2tre Bleu, avec le com\u00e9dien Pascal Guin, adaptation du magnifique texte d&rsquo;Alessandro Baricco, dans la magistrale traduction de Fran\u00e7oise Brun.<\/p>\n\n\n\n<p class=\"has-medium-font-size\"> Un voyage magique, qui a \u00e9t\u00e9 interrompu pendant quelques ann\u00e9es par une exclusivit\u00e9 des droits sur le texte.<br>Mais maintenant, les repr\u00e9sentations sont \u00e0 nouveau possibles!!!!!<\/p>\n\n\n\n<p><\/p>\n\n\n\n<p>Contact: Le Th\u00e9\u00e2tre Bleu : <a href=\"mailto:le-theatre-bleu@wanadoo.fr\" target=\"_blank\" rel=\"noreferrer noopener\">le-theatre-bleu@wanadoo.fr<\/a><\/p>\n\n\n\n<p><a rel=\"noreferrer noopener\" href=\"https:\/\/www.letheatrebleu.com\/\" target=\"_blank\">https:\/\/www.letheatrebleu.com\/<\/a><\/p>\n\n\n\n<p><\/p>\n<\/div><\/div>\n\n\n\n<h2 class=\"wp-block-heading\">Dates \u00e0 venir<\/h2>\n\n\n\n<div class=\"mec-wrap mec-skin-list-container  \" id=\"mec_skin_10388\">\r\n\r\n    \r\n            <div class=\"mec-skin-list-events-container\" id=\"mec_skin_events_10388\">\r\n        <div class=\"mec-wrap \">\r\n\t<div class=\"mec-event-list-accordion\">\r\n\t\t\r\n                        <div class=\"mec-month-divider\" data-toggle-divider=\"mec-toggle-202607-10388\"><h5 style=\"display: inline;\">juillet 2026<\/h5><i class=\"mec-sl-arrow-down\"><\/i><\/div>\r\n            \r\n                        <article class=\"mec-event-article  mec-clear  mec-divider-toggle mec-toggle-202607-10388\" itemscope>\r\n                                    <!-- toggles wrap start -->\r\n                    <div class=\"mec-events-toggle\">\r\n                        <!-- toggle item start -->\r\n                        <div class=\"mec-toggle-item\">\r\n                            <div class=\"mec-toggle-item-inner\" tabindex=\"0\">\r\n                                                                <div class=\"mec-toggle-item-col\">\r\n                                                                            <div class=\"mec-event-month\"><span class=\"mec-start-date-label\">04 - 25 juillet<\/span><\/div>\r\n                                                                        <div class=\"mec-time-details\"><span class=\"mec-start-time\">19h30<\/span> - <span class=\"mec-end-time\">19h30<\/span><\/div>                                <\/div>\r\n                                <h3 class=\"mec-toggle-title\">\r\n                                    Novecento, pianiste \/ C. Bjurstr\u00f6m \/ Th\u00e9\u00e2tre du Figuier Pourpre (Maison de la Po\u00e9sie), Avignon ( 84)<span class=\"event-color\" style=\"background: #00a0d2\"><\/span><\/h3>\r\n                                                                <i class=\"mec-sl-arrow-down\"><\/i>\r\n                            <\/div>\r\n                            <div class=\"mec-content-toggle\" aria-hidden=\"true\" style=\"display: none;\">\r\n                                <div class=\"mec-toggle-content\">\r\n                                    <div class=\"mec-wrap  clearfix  mec-modal-wrap\" id=\"mec_skin_6474\" data-unique-id=\"6474\">\r\n    <article class=\"mec-single-event mec-single-modern mec-single-modal\">\r\n        <div class=\"mec-events-event-image\">\r\n            <img loading=\"lazy\" decoding=\"async\" width=\"1400\" height=\"500\" src=\"https:\/\/www.cbjurstrom.eu\/wp-content\/uploads\/Novecento-Pianiste.jpg\" class=\"attachment-full size-full wp-post-image\" alt=\"\" data-mec-postid=\"11331\" \/>        <\/div>\r\n        \r\n        <div class=\"col-md-4\">\r\n\r\n            <div class=\"mec-event-meta mec-color-before mec-frontbox mec-util-hidden\">\r\n                \r\n                <!-- Sponsors Module -->\r\n                \r\n                <!-- Register Booking Button -->\r\n                            <\/div>\r\n\r\n            <!-- Weather Module -->\r\n            \r\n            <!-- QRCode Module -->\r\n            \r\n            <!-- Public Download Module -->\r\n            \r\n            <!-- Local Time Module -->\r\n            \r\n            <div class=\"mec-event-meta mec-color-before mec-frontbox\">\r\n\r\n                                                \r\n                                    <div class=\"mec-single-event-location\">\r\n                        <i class=\"mec-sl-location-pin\"><\/i>                        <h3 class=\"mec-events-single-section-title mec-location\">Lieu<\/h3>\r\n\r\n                        \r\n                        <dl>\r\n                        <dd class=\"author fn org\">Th\u00e9\u00e2tre du Figuier Pourpre, Avigon (84)<\/dd>\r\n\r\n                        <dd class=\"location\"><address class=\"mec-events-address\"><span class=\"mec-address\">Th\u00e9\u00e2tre du Figuier Pourpre \/ Maison de la Po\u00e9sie, 6 rue Figui\u00e8re 84000 Avignon<\/span><\/address><\/dd>\r\n\r\n                                                <\/dl>\r\n                    <\/div>\r\n                    \r\n                                    <div class=\"mec-single-event-category\">\r\n                        <i class=\"mec-sl-folder\"><\/i>                        <h3 class=\"mec-events-single-section-title mec-category\">Cat\u00e9gorie<\/h3>\r\n                        <dl>\r\n                        <dd class=\"mec-events-event-categories\"><a href=\"https:\/\/www.cbjurstrom.eu\/index.php\/mec-category\/christofer-bjurstrom\/\" class=\"mec-color-hover\" rel=\"tag\"><i class=\"mec-fa-angle-right\"><\/i>Christofer Bjurstr\u00f6m<\/a><\/dd><dd class=\"mec-events-event-categories\"><a href=\"https:\/\/www.cbjurstrom.eu\/index.php\/mec-category\/spectacle-musical\/\" class=\"mec-color-hover\" rel=\"tag\"><i class=\"mec-fa-angle-right\"><\/i>Musique en Spectacle<\/a><\/dd><dd class=\"mec-events-event-categories\"><a href=\"https:\/\/www.cbjurstrom.eu\/index.php\/mec-category\/novecento\/\" class=\"mec-color-hover\" rel=\"tag\"><i class=\"mec-fa-angle-right\"><\/i>Novecento<\/a><\/dd>                        <\/dl>\r\n                    <\/div>\r\n                    \r\n                \r\n            <\/div>\r\n\r\n            <!-- Speaker List Module -->\r\n            \r\n            <!-- Attendees List Module -->\r\n            \r\n            <!-- Next Previous Module -->\r\n                    <\/div>\r\n\r\n        <div class=\"col-md-8\">\r\n\r\n            <div class=\"mec-event-content\">\r\n                <div class=\"mec-single-event-description mec-events-content\">\r\n                    <p><strong>Tous les jours sauf les lundis du 4 juillet au 25 juillet <\/strong>\u00e0 19h30<\/p>\n<p>Accompagn\u00e9 par le pianiste Christofer Bjurstr\u00f6m, le com\u00e9dien Pascal Guin nous raconte l\u2019histoire extraordinaire de Novecento. Un nouveau-n\u00e9, abandonn\u00e9 sur un paquebot et recueilli par l\u2019\u00e9quipage en 1900.<\/p>\n<p>Sur le piano de la salle du bal du paquebot, les marins d\u00e9couvrent un nourrisson dans une caisse en bois. Ils l\u2019appelleront, Novecento. Il grandit dans la salle des machines, dans ce navire qui sillonne l\u2019Atlantique. Il y vivra sans jamais poser le pied \u00e0 terre tant le monde ext\u00e9rieur l\u2019effraie. Peu \u00e0 peu, il fait de son piano son refuge hors du temps. Il joue divinement bien, et devient le plus grand des pianistes. Sa musique repr\u00e9sente sa famille et l\u2019unique espace dans lequel il existe r\u00e9ellement. C\u2019est le voyage d\u2019une vie, d\u2019une \u00e9poque, d\u2019une \u00e9pop\u00e9e que raconte son meilleur ami. Une histoire sensible, dr\u00f4le et touchante.<\/p>\n<div id=\"details-spectacle\">\n<div class=\"distribution\">\n<p><strong>Texte<\/strong> Alessandro Baricco<br class=\"autobr\" \/><strong>Traduction<\/strong> Fran\u00e7oise Brun <br class=\"autobr\" \/><strong>Mise en sc\u00e8ne et jeu<\/strong> Pascal Guin<br class=\"autobr\" \/><strong>Composition et piano<\/strong> Christofer Bjurstr\u00f6m<br class=\"autobr\" \/><strong>Regards ext\u00e9rieurs<\/strong> Jean-Luc Moisson, Jean Quiclet<br class=\"autobr\" \/><strong>Lumi\u00e8res<\/strong> Franck Prouin, Jean-Michel Courant, Pascal Guin<br \/>\n<strong>Une cr\u00e9ation du Th\u00e9\u00e2tre Bleu (le T.B.)<\/strong><\/p>\n<\/div>\n<\/div>\n                                                                            <\/div>\r\n            <\/div>\r\n\r\n            \r\n            <!-- Custom Data Fields -->\r\n            \r\n            <!-- FAQ -->\r\n            \r\n            <!-- Links Module -->\r\n            <div class=\"mec-event-social mec-frontbox\">\r\n     <h3 class=\"mec-social-single mec-frontbox-title\">Partagez cet \u00e9v\u00e9nement<\/h3>\r\n     <div class=\"mec-event-sharing\">\r\n        <div class=\"mec-links-details\">\r\n            <ul>\r\n                <li class=\"mec-event-social-icon\"><a class=\"facebook\" href=\"https:\/\/www.facebook.com\/sharer\/sharer.php?u=https%3A%2F%2Fwww.cbjurstrom.eu%2Findex.php%2Fevents%2Fnovecento-pianiste-theatre-essaion-paris-681-911-172-618-657-397%2F\" onclick=\"javascript:window.open(this.href, '', 'menubar=no,toolbar=no,resizable=yes,scrollbars=yes,height=500,width=600'); return false;\" target=\"_blank\" title=\"Partager sur Facebook\"><i class=\"mec-fa-facebook\"><\/i><span class=\"mec-social-title\"><\/span><\/a><\/li><li class=\"mec-event-social-icon\"><a class=\"twitter\" href=\"https:\/\/twitter.com\/share?url=https%3A%2F%2Fwww.cbjurstrom.eu%2Findex.php%2Fevents%2Fnovecento-pianiste-theatre-essaion-paris-681-911-172-618-657-397%2F\" onclick=\"javascript:window.open(this.href, '', 'menubar=no,toolbar=no,resizable=yes,scrollbars=yes,height=600,width=500'); return false;\" target=\"_blank\" title=\"X Social Network\"><svg xmlns=\"http:\/\/www.w3.org\/2000\/svg\" shape-rendering=\"geometricPrecision\" text-rendering=\"geometricPrecision\" image-rendering=\"optimizeQuality\" fill-rule=\"evenodd\" clip-rule=\"evenodd\" viewBox=\"0 0 512 462.799\"><path fill-rule=\"nonzero\" d=\"M403.229 0h78.506L310.219 196.04 512 462.799H354.002L230.261 301.007 88.669 462.799h-78.56l183.455-209.683L0 0h161.999l111.856 147.88L403.229 0zm-27.556 415.805h43.505L138.363 44.527h-46.68l283.99 371.278z\"\/><\/svg><span class=\"mec-social-title\"><\/span><\/a><\/li><li class=\"mec-event-social-icon\"><a class=\"linkedin\" href=\"https:\/\/www.linkedin.com\/shareArticle?mini=true&url=https%3A%2F%2Fwww.cbjurstrom.eu%2Findex.php%2Fevents%2Fnovecento-pianiste-theatre-essaion-paris-681-911-172-618-657-397%2F\" onclick=\"javascript:window.open(this.href, '', 'menubar=no,toolbar=no,resizable=yes,scrollbars=yes,height=600,width=500'); return false;\" target=\"_blank\" title=\"LinkedIn\"><i class=\"mec-fa-linkedin\"><\/i><span class=\"mec-social-title\"><\/span><\/a><\/li><li class=\"mec-event-social-icon\"><a class=\"email\" href=\"mailto:?subject=Novecento%2C%20pianiste%20%2F%20C.%20Bjurstr%C3%B6m%20%2F%20Th%C3%A9%C3%A2tre%20du%20Figuier%20Pourpre%20%28Maison%20de%20la%20Po%C3%A9sie%29%2C%20Avignon%20%28%2084%29&body=https%3A%2F%2Fwww.cbjurstrom.eu%2Findex.php%2Fevents%2Fnovecento-pianiste-theatre-essaion-paris-681-911-172-618-657-397%2F\" title=\"Email\"><i class=\"mec-fa-envelope\"><\/i><span class=\"mec-social-title\"><\/span><\/a><\/li>            <\/ul>\r\n        <\/div>\r\n    <\/div>\r\n<\/div>\r\n            <!-- Google Maps Module -->\r\n            <div class=\"mec-events-meta-group mec-events-meta-group-gmap\">\r\n                            <\/div>\r\n\r\n            <!-- Export Module -->\r\n            <div class=\"mec-event-export-module mec-frontbox\">\r\n     <div class=\"mec-event-exporting\">\r\n        <div class=\"mec-export-details\">\r\n            <ul>\r\n                <li><a class=\"mec-events-gcal mec-events-button mec-color mec-bg-color-hover mec-border-color\" href=\"https:\/\/calendar.google.com\/calendar\/render?action=TEMPLATE&text=Novecento%2C+pianiste+%2F+C.+Bjurstr%C3%B6m+%2F+Th%C3%A9%C3%A2tre+du+Figuier+Pourpre+%28Maison+de+la+Po%C3%A9sie%29%2C+Avignon+%28+84%29&dates=20260704T173000Z\/20260725T173000Z&details=Tous+les+jours+sauf+les+lundis+du+4+juillet+au+25+juillet+%C3%A0+19h30%0A%0AAccompagn%C3%A9+par+le+pianiste+Christofer+Bjurstr%C3%B6m%2C+le+com%C3%A9dien+Pascal+Guin+nous+raconte+l%E2%80%99histoire+extraordinaire+de+Novecento.+Un+nouveau-n%C3%A9%2C+abandonn%C3%A9+sur+un+paquebot+et+recueilli+par+l%E2%80%99%C3%A9quipage+en+1900.%0A%0ASur+le+piano+de+la+salle+du+bal+du+paquebot%2C+les+marins+d%C3%A9couvrent+un+nourrisson+dans+une+caisse+en+bois.+Ils+l%E2%80%99appelleront%2C+Novecento.+Il+grandit+dans+la+salle+des+machines%2C+dans+ce+navire+qui+sillonne+l%E2%80%99Atlantique.+Il+y+vivra+sans+jamais+poser+le+pied+%C3%A0+terre+tant+le+monde+ext%C3%A9rieur+l%E2%80%99effraie.+Peu+%C3%A0+peu%2C+il+fait+de+son+piano+son+refuge+hors+du+temps.+Il+joue+divinement+bien%2C+et+devient+le+plus+grand+des+pianistes.+Sa+musique+repr%C3%A9sente+sa+famille+et+l%E2%80%99unique+espace+dans+lequel+il+existe+r%C3%A9ellement.+C%E2%80%99est+le+voyage+d%E2%80%99une+vie%2C+d%E2%80%99une+%C3%A9poque%2C+d%E2%80%99une+%C3%A9pop%C3%A9e+que+raconte+son+meilleur+ami.+Une+histoire+sensible%2C+dr%C3%B4le+et+touchante.%0A%0A%0A%0ATexte+Alessandro+BariccoTraduction+Fran%C3%A7oise+Brun+Mise+en+sc%C3%A8ne+et+jeu+Pascal+GuinComposition+et+piano+Christofer+Bjurstr%C3%B6mRegards+ext%C3%A9rieurs+Jean-Luc+Moisson%2C+Jean+QuicletLumi%C3%A8res+Franck+Prouin%2C+Jean-Michel+Courant%2C+Pascal+Guin%0AUne+cr%C3%A9ation+du+Th%C3%A9%C3%A2tre+Bleu+%28le+T.B.%29%0A%0A%0A&amp;location=Th%C3%A9%C3%A2tre+du+Figuier+Pourpre+%2F+Maison+de+la+Po%C3%A9sie%2C+6+rue+Figui%C3%A8re+84000+Avignon\" target=\"_blank\">+ Ajouter \u00e0 mon Agenda Google<\/a><\/li>                <li><a class=\"mec-events-gcal mec-events-button mec-color mec-bg-color-hover mec-border-color\" href=\"https:\/\/www.cbjurstrom.eu\/?method=ical&#038;id=11331\">+ iCal \/ Outlook export<\/a><\/li>            <\/ul>\r\n        <\/div>\r\n    <\/div>\r\n<\/div>\r\n            <!-- Hourly Schedule -->\r\n            \r\n            \t\t\t<!-- Booking Module -->\r\n            \r\n            <!-- Tags -->\r\n            <div class=\"mec-events-meta-group mec-events-meta-group-tags\">\r\n                            <\/div>\r\n\r\n        <\/div>\r\n    <\/article>\r\n<\/div>\r\n<script>\r\n\/\/ Fix modal speaker in some themes\r\njQuery(\"#mec_skin_6474 .mec-speaker-avatar-dialog a\").on('click', function(e)\r\n{\r\n    e.preventDefault();\r\n\r\n    var id = jQuery(this).attr('href');\r\n    lity(id);\r\n\r\n    return false;\r\n});\r\n<\/script>\r\n                                <\/div>\r\n                            <\/div>\r\n                        <\/div><!-- toggle item end -->\r\n                    <\/div><!-- toggles wrap end -->\r\n                            <\/article>\r\n            \t\t\t<\/div>\r\n<\/div>\r\n\r\n    <\/div>\r\n    <div class=\"mec-skin-list-no-events-container mec-util-hidden\" id=\"mec_skin_no_events_10388\">\r\n        Aucun \u00e9v\u00e9nement trouv\u00e9 !    <\/div>\r\n    \r\n    \r\n<\/div>\r\n\n\n\n\n<p><br><\/p>\n\n\n\n<figure class=\"wp-block-embed is-type-video is-provider-youtube wp-block-embed-youtube wp-embed-aspect-16-9 wp-has-aspect-ratio\"><div class=\"wp-block-embed__wrapper\">\n<div class=\"nv-iframe-embed\"><iframe loading=\"lazy\" title=\"Teaser Novecento  2024\" width=\"1200\" height=\"675\" src=\"https:\/\/www.youtube.com\/embed\/GnuCI67tR1s?feature=oembed\" frameborder=\"0\" allow=\"accelerometer; autoplay; clipboard-write; encrypted-media; gyroscope; picture-in-picture; web-share\" referrerpolicy=\"strict-origin-when-cross-origin\" allowfullscreen><\/iframe><\/div>\n<\/div><\/figure>\n\n\n\n<p class=\"has-medium-font-size\"><\/p>\n\n\n\n<h2 class=\"wp-block-heading\">La presse \/ Les blogs<\/h2>\n\n\n\n<p><em>Pascal Guin dans un spectacle d&rsquo;une humanit\u00e9 bouleversante<\/em>&#8230;.<br><em>Les quelques personnes qui ne connaissent pas ce petit chef d&rsquo;oeuvre seront impressionn\u00e9es par la force du verbe de l&rsquo;auteur. Les autres seront cette fois touch\u00e9s par l&rsquo;approche musicale de la mise en sc\u00e8ne&#8230;. La gageure est r\u00e9ussie. On y croit tant le com\u00e9dien-musicien semble inspir\u00e9. Il joue tel un prodige en donnant vie \u00e0 cet incroyable personnage&#8230;. Dans la cave fra\u00eeche et vout\u00e9e du th\u00e9\u00e2tre Essaion on partage en fr\u00e8re ce moment. A travers ce personnage en qu\u00eate de tous les possibles, c&rsquo;est une r\u00e9flexion sur le sens du voyage (et donc de la vie) qui nous est offerte&#8230;..<\/em><br>Jean Luc Jeener \/ juillet 2022 \/ Valeurs actuelles<\/p>\n\n\n\n<p><em>Sur sc\u00e8ne <strong>Pascal GUIN<\/strong>, passionn\u00e9ment, investit pleinement le r\u00f4le de conteur c\u2019est-\u00e0-dire qu\u2019il donne l\u2019impression de vivre chacun des \u00e9v\u00e8nements qu\u2019il d\u00e9roule. Il est celui que fascine et fascinera toujours Novecento, l\u2019\u00eatre paradoxalement le plus d\u00e9sint\u00e9ress\u00e9 du monde, seulement attach\u00e9 \u00e0 son instrument le piano qui permet \u00ab de danser avec l\u2019oc\u00e9an \u00bb.<br>Le piano c\u2019est \u00e9galement un personnage qui a la classe et le talent de <strong>Christofer BJURSTR\u00d6M<\/strong>. Quel plaisir d\u2019\u00e9couter ces notes qui fourmillent dans l\u2019espace, se cognent \u00e0 la coque du paquebot, glissent sur le front du conteur, fr\u00f4lent sa silhouette et se confondent avec le bruit de la mer si bien que l\u2019on se surprend \u00e0 penser : c\u2019est la mer qui joue du piano.<br>Novecento se confond lui aussi avec la mer. Il est \u00e0 l\u2019horizon ce qui fait dire \u00e0 Rimbaud : L\u2019\u00e9ternit\u00e9 c\u2019est la mer all\u00e9e avec le soleil.<br>Eternit\u00e9, instant ! <strong>Dans la belle cave de l\u2019ESSAION<\/strong>, <strong>Pascal GUIN <\/strong>et <strong>Christofer BJURSTR\u00d6M<\/strong> convient le public \u00e0 un impressionnant et envo\u00fbtant voyage musical.<\/em><br>Evelyne Tr\u00e2n \/ Le Monde Libertaire \/ 18 juillet 2022<br>L&rsquo;article complet: <a href=\"https:\/\/monde-libertaire.net\/index.php?articlen=6628\" target=\"_blank\" rel=\"noreferrer noopener\">https:\/\/monde-libertaire.net\/index.php?articlen=6628<\/a><\/p>\n\n\n\n<p><em>\u00ab\u00a0&#8230;Pascal Guin et Christofer Bjurstr\u00f6m proposent un r\u00e9cit-jazz dans lequel coexistent les mots, dans la superbe traduction de <strong>Fran\u00e7oise Brun<\/strong>, et les notes.<br>Celles-ci r\u00e9sultent des \u00e9poustouflantes compositions originales et improvisations de Christofer Bjurstr\u00f6m avec une partition qui fait merveille&#8230;<br>\u00ab\u00a0..<strong>Guin<\/strong>, narrateur \u00e0 la belle faconde et au jeu expressif parfois expressionniste et <strong>Christofer Bjurstr\u00f6m <\/strong>tout en sobri\u00e9t\u00e9 minimaliste, arc-bout\u00e9 sur le clavier tel Glenn Gould avec le mouvement presque imperceptible des mains effleurant les touches.<br>Ils officient dans une parfaite synergie pour dispenser ce bouleversant voyage dont le d\u00e9nouement suscite non seulement un profonde \u00e9motion mais \u00e9galement une vraie r\u00e9flexion m\u00e9taphysique.\u00a0\u00bb<\/em><br>L&rsquo;article complet: <a href=\"https:\/\/www.froggydelight.com\/article-25869-Novecento_Pianiste.html\" target=\"_blank\" rel=\"noreferrer noopener\">https:\/\/www.froggydelight.com\/article-25869-Novecento_Pianiste.html<\/a><\/p>\n\n\n\n<p><em>\u00ab\u00a0Dans le r\u00f4le du trompettiste Tim Tooney, t\u00e9moin de cette insolite et passionnante histoire, Pascal Guin semble habit\u00e9 par son personnage de narrateur. Tour \u00e0 tour th\u00e9\u00e2tral, touchant, encha\u00eenant les anecdotes et les questions autour de ce surprenant voyage int\u00e9rieur, il installe une v\u00e9ritable complicit\u00e9 avec le public et le talentueux pianiste-compositeur Christofer Bjurstr\u00f6m qui l&rsquo;accompagne. Sur la sc\u00e8ne baignant dans une lumi\u00e8re minimaliste, &nbsp;pas de d\u00e9cor ou presque, hormis deux grandes caisses en bois. On imagine qu&rsquo;elles symbolisent ce quai que Novecento ne foulera jamais&#8230; &nbsp;\u00ab\u00a0<\/em><br>L&rsquo;article complet: <a rel=\"noreferrer noopener\" href=\"http:\/\/annieallmusic.blogspot.com\/2022\/06\/novecento-pianiste-lhistoire-insolite.html\" target=\"_blank\">http:\/\/annieallmusic.blogspot.com\/2022\/06\/novecento-pianiste-lhistoire-insolite.html<\/a> ou <a href=\"https:\/\/www.weculte.com\/musique\/novecento-pianiste-la-passionnante-odyssee-dun-virtuose-au-long-cours\/\" target=\"_blank\" rel=\"noreferrer noopener\">https:\/\/www.weculte.com\/musique\/novecento-pianiste-la-passionnante-odyssee-dun-virtuose-au-long-cours\/<\/a><\/p>\n\n\n\n<p><em>\u00ab\u00a0Le talent et la complicit\u00e9 de Pascal Guin et Christofer Bjurstr\u00f6m transforment la petite sc\u00e8ne de l\u2019Essa\u00efon en majestueux Virginian. N\u2019oublions pas que c\u2019est la terre qui bouge ou porte toujours l\u2019oc\u00e9an en soi. Vous saurez en en ressortant, qu\u2019il est possible de valser avec un piano au rythme de la temp\u00eate de l\u2019oc\u00e9an&nbsp;! Un r\u00e9cit-jazz \u00e0 d\u00e9couvrir absolument \u00e0 l\u2019Essa\u00efon jusqu\u2019au 30 juillet, puis \u00e0 partir du 25 ao\u00fbt jusqu\u2019au 8 octobre 2022, les jeudi, vendredi et samedi \u00e0 21h15.\u00a0\u00bb <\/em><br>L&rsquo;article complet : <a href=\"https:\/\/filledepaname.com\/2022\/06\/24\/novecento-pianiste-a-lessaion\/\" target=\"_blank\" rel=\"noreferrer noopener\">https:\/\/filledepaname.com\/2022\/06\/24\/novecento-pianiste-a-lessaion\/<\/a><\/p>\n\n\n\n<figure class=\"wp-block-image size-full\"><img loading=\"lazy\" decoding=\"async\" width=\"768\" height=\"768\" src=\"https:\/\/www.cbjurstrom.eu\/wp-content\/uploads\/Novecento-Carre-4-Grande-768x768-1.jpeg\" alt=\"\" class=\"wp-image-11141\" srcset=\"https:\/\/www.cbjurstrom.eu\/wp-content\/uploads\/Novecento-Carre-4-Grande-768x768-1.jpeg 768w, https:\/\/www.cbjurstrom.eu\/wp-content\/uploads\/Novecento-Carre-4-Grande-768x768-1-300x300.jpeg 300w, https:\/\/www.cbjurstrom.eu\/wp-content\/uploads\/Novecento-Carre-4-Grande-768x768-1-150x150.jpeg 150w, https:\/\/www.cbjurstrom.eu\/wp-content\/uploads\/Novecento-Carre-4-Grande-768x768-1-500x500.jpeg 500w\" sizes=\"auto, (max-width: 768px) 100vw, 768px\" \/><\/figure>\n\n\n\n<p>\u00a9 Congress Library<\/p>\n\n\n\n<p><\/p>\n","protected":false},"excerpt":{"rendered":"<p>Un voyage musical sur l&rsquo;oc\u00e9an\u2026. Un spectacle du Th\u00e9\u00e2tre Bleu, avec le com\u00e9dien Pascal Guin, adaptation du magnifique texte d&rsquo;Alessandro Baricco, dans la magistrale traduction de Fran\u00e7oise Brun. Un voyage magique, qui a \u00e9t\u00e9 interrompu pendant quelques ann\u00e9es par une exclusivit\u00e9 des droits sur le texte.Mais maintenant, les repr\u00e9sentations sont \u00e0 nouveau possibles!!!!! Contact: Le&hellip;&nbsp;<\/p>\n","protected":false},"author":1,"featured_media":11141,"parent":0,"menu_order":0,"comment_status":"closed","ping_status":"closed","template":"","meta":{"neve_meta_sidebar":"","neve_meta_container":"","neve_meta_enable_content_width":"","neve_meta_content_width":0,"neve_meta_title_alignment":"","neve_meta_author_avatar":"","neve_post_elements_order":"","neve_meta_disable_header":"","neve_meta_disable_footer":"","neve_meta_disable_title":"","footnotes":""},"class_list":["post-171","page","type-page","status-publish","has-post-thumbnail","hentry"],"_links":{"self":[{"href":"https:\/\/www.cbjurstrom.eu\/index.php\/wp-json\/wp\/v2\/pages\/171","targetHints":{"allow":["GET"]}}],"collection":[{"href":"https:\/\/www.cbjurstrom.eu\/index.php\/wp-json\/wp\/v2\/pages"}],"about":[{"href":"https:\/\/www.cbjurstrom.eu\/index.php\/wp-json\/wp\/v2\/types\/page"}],"author":[{"embeddable":true,"href":"https:\/\/www.cbjurstrom.eu\/index.php\/wp-json\/wp\/v2\/users\/1"}],"replies":[{"embeddable":true,"href":"https:\/\/www.cbjurstrom.eu\/index.php\/wp-json\/wp\/v2\/comments?post=171"}],"version-history":[{"count":34,"href":"https:\/\/www.cbjurstrom.eu\/index.php\/wp-json\/wp\/v2\/pages\/171\/revisions"}],"predecessor-version":[{"id":11147,"href":"https:\/\/www.cbjurstrom.eu\/index.php\/wp-json\/wp\/v2\/pages\/171\/revisions\/11147"}],"wp:featuredmedia":[{"embeddable":true,"href":"https:\/\/www.cbjurstrom.eu\/index.php\/wp-json\/wp\/v2\/media\/11141"}],"wp:attachment":[{"href":"https:\/\/www.cbjurstrom.eu\/index.php\/wp-json\/wp\/v2\/media?parent=171"}],"curies":[{"name":"wp","href":"https:\/\/api.w.org\/{rel}","templated":true}]}}