{"id":17,"date":"2020-10-16T17:23:49","date_gmt":"2020-10-16T15:23:49","guid":{"rendered":"http:\/\/cbjurstrom.eu\/cbj\/?page_id=17"},"modified":"2025-09-15T12:37:29","modified_gmt":"2025-09-15T10:37:29","slug":"cv-rapide","status":"publish","type":"page","link":"https:\/\/www.cbjurstrom.eu\/index.php\/cv-rapide\/","title":{"rendered":"Actualit\u00e9 \/ CV"},"content":{"rendered":"\n<h2 class=\"wp-block-heading\">CV rapide<\/h2>\n\n\n\n<p class=\"has-small-font-size\">Apr\u00e8s une formation de piano classique et de musique de chambre, Christofer Bjurstr\u00f6m a rapidement dirig\u00e9 sa curiosit\u00e9 vers de multiples formes musicales (pop, musiques traditionnelles, jazz, musique contemporaine, acoustique et \u00e9lectronique). Au del\u00e0 de la musique pure, c\u2019est \u00e9galement vers le lien entre spectacle et musique vivante qu\u2019il a orient\u00e9 son \u00e9clectisme, en composant pour le th\u00e9\u00e2tre et le cin\u00e9ma, plus particuli\u00e8rement pour le cin\u00e9ma muet en cin\u00e9-concert.<\/p>\n\n\n\n<p class=\"has-small-font-size\">Rester soi-m\u00eame, conserver et d\u00e9velopper son univers personnel, tout en fr\u00e9quentant d\u2019autres musiciens, d\u2019autres artistes, d\u2019autres arts, a toujours \u00e9t\u00e9 le moteur de son activit\u00e9. Que ce soit en travaillant avec des chanteurs et chanteuses (Karin Trow, Eva Schwabe, C\u00e9line Caussimon, Annie Papin, Manu Lann Huel), des r\u00e9alisateurs (court-m\u00e9trages de Fr\u00e9d\u00e9ric Tangy de 1984 \u00e0 1997), des compagnies th\u00e9atrales (Th\u00e9\u00e2tre de la Mascara, Eric Frey, Daniel Mesguich, Jean Bollery, Jacques Destoop, Mychel Ch\u00e9nier, Guy Abgrall, Pascal Guin et le Th\u00e9\u00e2tre Bleu..), des conteuses (Colette Avril) ou en composant des musiques de cin\u00e9-concerts pour des films muets (une quarantaine de films sont \u00e0 son r\u00e9pertoire), Christofer Bjurstr\u00f6m s\u2019est toujours attach\u00e9 \u00e0 creuser son propre univers tout en le mettant au service des autres.<\/p>\n\n\n\n<p class=\"has-small-font-size\">Son parcours est ainsi jalonn\u00e9 de cr\u00e9ations de groupes sous sa (co)responsabilit\u00e9 (Bjurstr\u00f6m Sextet, Quartet Ookpik, duos avec Christophe Rocher, Agn\u00e8s Vesterman, Philippe Champion et Vincent Raude) et de participations \u00e0 d\u2019autres projets (groupe \u00ab\u00a0Nord-Sud\u00a0\u00bb, projet \u00ab\u00a0Short Connection\u00a0\u00bb de Gualtiero Dazzi, ensemble Nautilis). Tout en creusant le travail d\u2019\u00e9criture et d\u2019improvisation, il multiplie \u00e9galement les rencontres (coorganisation des rencontres de musique improvis\u00e9e \u00ab\u00a0Les Luisances\u00a0\u00bb \u00e0 Brest avec notamment Michel Doneda, Ramon Lopez, Pascale Labb\u00e9, Edward Perraud, Hughes Germain&#8230;.) et rencontres dans le cadre du projet Arch, pilot\u00e9 par l\u2019ensemble Nautilis (Matt Bauder, H\u00e9l\u00e8ne Labarri\u00e8re, Famadou Don Moye, Eric Echampard, Fabrice Martinez, Lou Malozzi&#8230;.).<\/p>\n\n\n\n<p class=\"has-small-font-size\">Avec Catherine Le Flochmoan, il dirige \u00e9galement la compagnie Jeune Public Marmouzic avec laquelle il cr\u00e9e de nombreux spectacles Jeune Public (Okalik, Le Voyage d\u2019Hipoll\u00e8ne, Le Voleur et la Princesse&#8230;.et derni\u00e8rement Le Myst\u00e8re Bigoulet)) .<\/p>\n\n\n\n<p class=\"has-small-font-size\">La Compagnie Marmouzic, Christofer Bjurstr\u00f6m, Catherine Le Flochmoan, Hughes Germain se sont regroup\u00e9s dans la Coop\u00e9rative Artistique 109, aux c\u00f4t\u00e9s de B\u00e9n\u00e9dicte Ab\u00e9lard et Constance Devol. Sabine Mittelhamer (Cie Handmaids) et Juan Perez Escuelar (Cie Singe Diesel) les ont rejoints d\u00e9but 2020.<\/p>\n\n\n\n<h1 class=\"wp-block-heading\">Journal des actualit\u00e9s<\/h1>\n\n\n\n<h2 class=\"wp-block-heading\">Janvier 2025<\/h2>\n\n\n\n<figure class=\"wp-block-image size-large\"><a href=\"https:\/\/mzrecords.eu\/index.php\/mar-12-notes-en-marge-de-goemons\/\" target=\"_blank\" rel=\" noreferrer noopener\"><img loading=\"lazy\" decoding=\"async\" width=\"1024\" height=\"931\" src=\"https:\/\/www.cbjurstrom.eu\/wp-content\/uploads\/Notes-En-Marge-de-Goemons-Pochette-Face-1024x931.jpg\" alt=\"\" class=\"wp-image-11177\" srcset=\"https:\/\/www.cbjurstrom.eu\/wp-content\/uploads\/Notes-En-Marge-de-Goemons-Pochette-Face-1024x931.jpg 1024w, https:\/\/www.cbjurstrom.eu\/wp-content\/uploads\/Notes-En-Marge-de-Goemons-Pochette-Face-300x273.jpg 300w, https:\/\/www.cbjurstrom.eu\/wp-content\/uploads\/Notes-En-Marge-de-Goemons-Pochette-Face-768x698.jpg 768w, https:\/\/www.cbjurstrom.eu\/wp-content\/uploads\/Notes-En-Marge-de-Goemons-Pochette-Face-1536x1396.jpg 1536w, https:\/\/www.cbjurstrom.eu\/wp-content\/uploads\/Notes-En-Marge-de-Goemons-Pochette-Face.jpg 1638w\" sizes=\"auto, (max-width: 1024px) 100vw, 1024px\" \/><\/a><\/figure>\n\n\n\n<p>Parution chez MZ Records du CD \u00ab\u00a0<a href=\"https:\/\/mzrecords.eu\/index.php\/mar-12-notes-en-marge-de-goemons\/\" target=\"_blank\" rel=\"noreferrer noopener\">Notes en Marge de Go\u00e9mons<\/a>\u00ab\u00a0, musique de Christofer Bjurstr\u00f6m, Julien Pontvianne et Vincent Raude, MAR012, musiques n\u00e9es autour de la cr\u00e9ation du cin\u00e9-concert \u00ab\u00a0En Marge de Go\u00e9mons\u00a0\u00bb. Le CD est disponible sur le site des Allum\u00e9s du Jazz, sur Bandcamp, et sur les sites de streaming.<\/p>\n\n\n\n<h2 class=\"wp-block-heading\">Mars 2024<\/h2>\n\n\n\n<figure class=\"wp-block-image size-large\"><img loading=\"lazy\" decoding=\"async\" width=\"1024\" height=\"666\" src=\"https:\/\/www.cbjurstrom.eu\/wp-content\/uploads\/Goemons-5-1024x666.jpg\" alt=\"\" class=\"wp-image-10920\" srcset=\"https:\/\/www.cbjurstrom.eu\/wp-content\/uploads\/Goemons-5-1024x666.jpg 1024w, https:\/\/www.cbjurstrom.eu\/wp-content\/uploads\/Goemons-5-300x195.jpg 300w, https:\/\/www.cbjurstrom.eu\/wp-content\/uploads\/Goemons-5-768x500.jpg 768w, https:\/\/www.cbjurstrom.eu\/wp-content\/uploads\/Goemons-5-1536x999.jpg 1536w, https:\/\/www.cbjurstrom.eu\/wp-content\/uploads\/Goemons-5-2048x1333.jpg 2048w\" sizes=\"auto, (max-width: 1024px) 100vw, 1024px\" \/><figcaption class=\"wp-element-caption\">Cr\u00e9ation du Cin\u00e9-Concert \u00ab\u00a0En Marge de Go\u00e9mons\u00a0\u00bb aux Archives D\u00e9partementales de Loire Atlantique, \u00e0 Nantes (44). 14 mars \u00e0 18h. Images de Yannick Bellon, musique de Christofer Bjurstr\u00f6m, Julien Pontvianne et Vincent Raude <\/figcaption><\/figure>\n\n\n\n<h2 class=\"wp-block-heading\">F\u00e9vrier 2024<\/h2>\n\n\n\n<figure class=\"wp-block-image size-large\"><img loading=\"lazy\" decoding=\"async\" width=\"724\" height=\"1024\" src=\"https:\/\/www.cbjurstrom.eu\/wp-content\/uploads\/affiche-concert-eglise-suedoise-leger-3_0-724x1024.jpg\" alt=\"\" class=\"wp-image-10980\" srcset=\"https:\/\/www.cbjurstrom.eu\/wp-content\/uploads\/affiche-concert-eglise-suedoise-leger-3_0-724x1024.jpg 724w, https:\/\/www.cbjurstrom.eu\/wp-content\/uploads\/affiche-concert-eglise-suedoise-leger-3_0-212x300.jpg 212w, https:\/\/www.cbjurstrom.eu\/wp-content\/uploads\/affiche-concert-eglise-suedoise-leger-3_0-768x1086.jpg 768w, https:\/\/www.cbjurstrom.eu\/wp-content\/uploads\/affiche-concert-eglise-suedoise-leger-3_0-1086x1536.jpg 1086w, https:\/\/www.cbjurstrom.eu\/wp-content\/uploads\/affiche-concert-eglise-suedoise-leger-3_0-1448x2048.jpg 1448w, https:\/\/www.cbjurstrom.eu\/wp-content\/uploads\/affiche-concert-eglise-suedoise-leger-3_0-scaled.jpg 1810w\" sizes=\"auto, (max-width: 724px) 100vw, 724px\" \/><\/figure>\n\n\n\n<h2 class=\"wp-block-heading\">Septembre 2023<\/h2>\n\n\n\n<p>Nouvelles cr\u00e9ations en cours dans le domaine du cin\u00e9-concert:<\/p>\n\n\n\n<ul class=\"wp-block-list\">\n<li>Cin\u00e9-Concert \u00ab\u00a0En Marge de Go\u00ebmons\u00a0\u00bb sur les images de Yannick Bellon, tourn\u00e9es en 1946, montage d&rsquo;Eric Le Roy. Avec Vincent Raude, Julien Pontvianne et Christofer Bjurstr\u00f6m. Cr\u00e9ation pr\u00e9vue en f\u00e9vrier 2024<\/li>\n\n\n\n<li>Cin\u00e9-Concert \u00ab\u00a0Ma Vache et moi\u00a0\u00bb (Go West) de Buster Keaton. Piano solo. Cr\u00e9ation en d\u00e9cembre 2023<\/li>\n\n\n\n<li>Cin\u00e9-Concert \u00ab\u00a0Contes et Silhouettes\u00a0\u00bb sur des films de Lotte Reiniger, avec Catherine Le Flochmoan et Christofer Bjurstr\u00f6m. Cr\u00e9ation en novembre 2023<\/li>\n<\/ul>\n\n\n\n<h2 class=\"wp-block-heading\">D\u00e9cembre 2020<\/h2>\n\n\n\n<p>Publication du disque \u00ab\u00a0Ecume de Mai\u00a0\u00bb, MZ Records MAR 011<\/p>\n\n\n\n<figure class=\"wp-block-image size-large\"><a href=\"https:\/\/mzrecords.eu\/index.php\/mar-011-ecume-de-mai\/\" target=\"_blank\" rel=\"noopener noreferrer\"><img loading=\"lazy\" decoding=\"async\" width=\"1024\" height=\"1024\" src=\"https:\/\/cbjurstrom.eu\/cbj\/wp-content\/uploads\/2020\/10\/Pochette-Ecume_3000-1024x1024.jpg\" alt=\"\" class=\"wp-image-248\" srcset=\"https:\/\/www.cbjurstrom.eu\/wp-content\/uploads\/2020\/10\/Pochette-Ecume_3000-1024x1024.jpg 1024w, https:\/\/www.cbjurstrom.eu\/wp-content\/uploads\/2020\/10\/Pochette-Ecume_3000-300x300.jpg 300w, https:\/\/www.cbjurstrom.eu\/wp-content\/uploads\/2020\/10\/Pochette-Ecume_3000-150x150.jpg 150w, https:\/\/www.cbjurstrom.eu\/wp-content\/uploads\/2020\/10\/Pochette-Ecume_3000-768x768.jpg 768w, https:\/\/www.cbjurstrom.eu\/wp-content\/uploads\/2020\/10\/Pochette-Ecume_3000-1536x1536.jpg 1536w, https:\/\/www.cbjurstrom.eu\/wp-content\/uploads\/2020\/10\/Pochette-Ecume_3000-2048x2048.jpg 2048w\" sizes=\"auto, (max-width: 1024px) 100vw, 1024px\" \/><\/a><\/figure>\n\n\n\n<p>\u2026 <em>Dans \u00c9cume de mai, nouvel album solo, [Christofer Bjurstr\u00f6m] prouve une fois encore son talent de conteur, aux contours nets et sans emphase, au c\u0153ur de l\u2019\u00e9motion m\u00eame bizarre ou d\u00e9plaisante, car la vie d\u2019un musicien n\u2019est pas un long fleuve tranquille. C\u2019est d\u2019ailleurs depuis le c\u0153ur d\u2019un printemps 2020 confin\u00e9 que le pianiste nous adresse ses r\u00e9flexions musicales teint\u00e9es de doute et d\u2019humour.<\/em><br><em>C\u2019est la force de ce disque qui, bien que narratif et hautement litt\u00e9raire, tient davantage du modernisme que du romantisme. Cette \u00c9cume semble n\u00e9e une envie d\u2019en d\u00e9coudre avec l\u2019inconfort, d\u2019une ode \u00e0 la bizarrerie, d\u2019un hymne \u00e0 l\u2019incertitude. C\u2019est elle la muse de la cr\u00e9ation artistique, contrairement \u00e0 l\u2019overdose de pr\u00e9caution, de r\u00e9serves et de mesures dont nous gave l\u2019\u00e9poque. C\u2019est bien de l\u2019amertume de l\u2019\u00e9cume remontant \u00e0 la surface qu\u2019il est question ici. Aussi, rappelons-nous que \u00ab&nbsp;Le principe de pr\u00e9caution nous prive des belles \u00e9motions que procure l\u2019incertitude&nbsp;\u00bb (Gr\u00e9goire Lacroix) et plongeons dans ces ondulations qui offrent une forte r\u00e9sonance en cet hiver 20-21. La m\u00e9lancolie y est simplement exquise.<\/em><br><strong>Anne Yven, Citizen Jazz, janvier 2021<\/strong> <a rel=\"noreferrer noopener\" href=\"https:\/\/www.citizenjazz.com\/Christofer-Bjurstrom-3479071.html\" target=\"_blank\">(lire l\u2019article en entier)<\/a><em>.. <\/em><\/p>\n\n\n\n<p><em>Participation \u00e0 des grands ensembles, duos subtils, spectacles de cin\u00e9-concert, prestations en solo hors pair et production r\u00e9guli\u00e8re de CD inspir\u00e9s. Finist\u00e9rien de longue date, le discret pianiste Christofer Bjurstr\u00f6m ne fait pas de bruit, mais, et c\u2019est beaucoup mieux, il joue de la musique de haut vol. Une nouvelle preuve avec cet \u00ab \u00c9cume de mai \u00bb tr\u00e8s d\u00e9licat, enregistr\u00e9 l\u2019an pass\u00e9 et nourri par la fr\u00e9quentation de la po\u00e9sie d\u2019Emily Dickinson, Jules Supervielle, Raymond Carver ou Abdellatif La\u00e2bi. Pas de grandes orgues tape-\u00e0-l\u2019oreille ici (ce n\u2019est pas le genre du bonhomme), mais l\u2019\u00e9coulement d\u2019un ruisseau d\u2019\u00e9motion et de sensations, volontiers introspectif.<br>Ceux qui aiment les travers\u00e9es de la musique en solitaire, fa\u00e7on Keith Jarrett ou St\u00e9phan Oliva, adoreront cet album magnifique que l\u2019on doit aussi \u00e9couter comme une ode au piano, offrande et gratitude m\u00eal\u00e9s. La qualit\u00e9 de l\u2019enregistrement (Sami Bouvet au Studio de Meudon) sert \u00e0 merveille les notes tant\u00f4t graves et profondes, tant\u00f4t cristallines et lustrales. Une vraie r\u00e9ussite.<\/em><br><strong>Le T\u00e9l\u00e9gramme, 14 janvier 2021<\/strong><\/p>\n\n\n\n<p><em>Une jolie surprise\u2026..<\/em> (<a rel=\"noreferrer noopener\" href=\"https:\/\/www.francemusique.fr\/jazz\/jazz-bonus-christofer-bjurstrom-ecume-de-mai-90688\" target=\"_blank\">lire l\u2019article <\/a>) <a rel=\"noreferrer noopener\" href=\"https:\/\/www.francemusique.fr\/emissions\/open-jazz\/chet-baker-sa-romance-est-un-film-89875\" target=\"_blank\">(lien vers l\u2019\u00e9mission)<\/a><br><strong>Alex Dutilh,<\/strong> dans l\u2019\u00e9mission <strong>Open Jazz, France Musique, le 14 d\u00e9cembre 2020<\/strong><\/p>\n\n\n\n<p><em>Christofer Bjurstr\u00f6m parvient \u00e0 produire une musique \u00e0 la fois r\u00e9sistante et liquide, avec des formes qui naissent et s\u2019\u00e9vanouissent, en une plong\u00e9e dans les tr\u00e9fonds de l\u2019intime. Notes en pluie serr\u00e9e et persistante, ou qui perlent et rebondissent un un friselis moutonnant, mart\u00e8lement audacieux du clavier ou bruit sourd dans les bois et cordes quand le piano est pr\u00e9par\u00e9, superpositions d\u2019accords et de brisures rythmiques composent un chant jamais plaintif mais lucide, une m\u00e9lodie souvent heurt\u00e9e, des tressaillements qui remontent avec le souffle du temps. Avec l\u2019appr\u00e9hension d\u2019un certain vide qui devient silence, dans une tonalit\u00e9 volontairement grave, s\u2019inscrivent pauses, ruptures, blancs. Un rythme souvent insistant, obsessionnel parcourt ses solos qui racontent presque toujours une histoire. Surgissent aussi des m\u00e9lodies plus fluides, impressionnistes, des \u00e9lans lumineux r\u00e9parant les horizons \u00e9clat\u00e9s, qui ram\u00e8nent vers des rivages connus, avec l\u2019esp\u00e9rance.<\/em><br><em>Ainsi \u00e9coutons nous ce piano en archipel, singulier pluriel qui sait accompagner les images d\u2019un film qui se projette dans notre imaginaire.<\/em><br><strong>Sophie Chambon, Les Derni\u00e8res Nouvelles du Jazz, d\u00e9cembre 2020<\/strong> <a rel=\"noreferrer noopener\" href=\"http:\/\/lesdnj.over-blog.com\/2020\/12\/christofer-bjurstrom-piano-solo-l-ecume-de-mai.html\" target=\"_blank\">(lire l\u2019article en entier)<\/a><\/p>\n\n\n\n<p><em>\u2026\u2026Un bel univers aux notes envol\u00e9es du clavier et aux percussions diverses du cordier.<\/em><br><strong>Alain Lambert, Musicologie.org, 11 d\u00e9cembre 2020<\/strong> <a rel=\"noreferrer noopener\" href=\"https:\/\/www.musicologie.org\/20\/cinq_cedes_jazzy_pour_frimer_en_frimaire.html\" target=\"_blank\">(lire l\u2019article en entier)<\/a><\/p>\n\n\n\n<p><em>\u2026..aller chercher au fond de soi m\u00eame les souvenirs de nos recherches, de nos \u00e9motions, \u2026 les retrouver \u00e0 l\u2019\u00e9tat brut sans c\u00e9der \u00e0 l\u2019exub\u00e9rance. Que celles ci soient d\u00e9clench\u00e9es par une s\u00e9rie de neuf po\u00e8mes prouve pour nous l\u2019ad\u00e9quation entre le rythme, la prosodie d\u2019un texte et son rendu musical ici empli de subtilit\u00e9s. Servi par une excellente prise de son et pour qui veut bien ouvrir son esprit nous voyagerons d\u2019un debussysme, d\u2019un africanisme \u00e0 un monkisme (2nd plage de l\u2019album rappelant San Francisco Holiday, est ce un hasard&nbsp;?) ou au gr\u00e9 de vos humeurs et de votre imagination vers les paysages int\u00e9rieurs qui viendront \u00e0 votre esprit.<\/em><br><strong>Pierre Gros, Culture Jazz, D\u00e9cembre 2020<\/strong> <a rel=\"noreferrer noopener\" href=\"https:\/\/www.culturejazz.fr\/spip.php?article3600#18\" target=\"_blank\">(lire l\u2019article en entier)<\/a><\/p>\n\n\n\n<p><em>La musique de cette belle \u00ab&nbsp;\u00e9cume de mai&nbsp;\u00bb est \u00e0 \u00e9couter comme une suite de m\u00e9ditations, l\u00e0 o\u00f9 celles-ci ne sont pas un \u00e9cart du monde, mais le chemin vers la juste place que chacun vaut, m\u00e9rite, recherche, face \u00e0 ce qui l\u2019entoure.<\/em><br><strong>Michel Arcens, Notes de Jazz, D\u00e9cembre 2020<\/strong> <a rel=\"noreferrer noopener\" href=\"http:\/\/notesdejazz.unblog.fr\/2020\/12\/01\/les-temps-heureux-de-la-musique\/\" target=\"_blank\">(lire l\u2019article en entier)<\/a><\/p>\n\n\n\n<p><em>\u2026.Un album inhabituel pour l\u2019auditeur que je suis, mais je vous avoue que je viens de faire une formidable d\u00e9couverte qui vaut le d\u00e9tour! Si ouverture d\u2019esprit et imaginaire r\u00e9pondent \u00e0 l\u2019appel, vous trouverez cet opus de Jazz tout simplement magnifique! Un tr\u00e8s grand coup de coeur!<\/em><br>Dominique Boulay <a rel=\"noreferrer noopener\" href=\"https:\/\/www.paris-move.com\/\" target=\"_blank\">PARIS-MOVE<\/a>&nbsp;&amp;&nbsp;Blues Magazine (Fr), Novembre 2020<br>(<a rel=\"noreferrer noopener\" href=\"https:\/\/www.paris-move.com\/reviews\/christofer-bjurstrom-ecume-de-mai\/\" target=\"_blank\">lire l\u2019article en entier<\/a>)<\/p>\n\n\n\n<h2 class=\"wp-block-heading\">Avril 2020<\/h2>\n\n\n\n<p>En cette p\u00e9riode de confinement, pas d&rsquo;apparition publique: nous verrons quand ce sera de nouveau possible.<\/p>\n\n\n\n<p>En attendant, le vlog musical \u00ab\u00a0Le Monde en Echo\u00a0\u00bb, sur la cha\u00eene Youtube de Christofer Bjurstr\u00f6m, s&rsquo;\u00e9toffe de cr\u00e9ations r\u00e9guli\u00e8res:<\/p>\n\n\n\n<p>Les derni\u00e8res en date: <\/p>\n\n\n\n<p><\/p>\n\n\n\n<p><div class=\"nv-iframe-embed\"><iframe loading=\"lazy\" title=\"Pandemie 1 Paracetamol\" width=\"1200\" height=\"675\" src=\"https:\/\/www.youtube.com\/embed\/COR-2xuoV-U?feature=oembed\" frameborder=\"0\" allow=\"accelerometer; autoplay; clipboard-write; encrypted-media; gyroscope; picture-in-picture; web-share\" referrerpolicy=\"strict-origin-when-cross-origin\" allowfullscreen><\/iframe><\/div><\/p>\n\n\n\n<p>https:\/\/youtube.com\/watch?v=JQboyUJxh74 <\/p>\n\n\n\n<p><div class=\"nv-iframe-embed\"><iframe loading=\"lazy\" title=\"Pandemie - 3 - Masques\" width=\"1200\" height=\"675\" src=\"https:\/\/www.youtube.com\/embed\/fU-wranyUYs?feature=oembed\" frameborder=\"0\" allow=\"accelerometer; autoplay; clipboard-write; encrypted-media; gyroscope; picture-in-picture; web-share\" referrerpolicy=\"strict-origin-when-cross-origin\" allowfullscreen><\/iframe><\/div> <\/p>\n","protected":false},"excerpt":{"rendered":"<p>CV rapide Apr\u00e8s une formation de piano classique et de musique de chambre, Christofer Bjurstr\u00f6m a rapidement dirig\u00e9 sa curiosit\u00e9 vers de multiples formes musicales (pop, musiques traditionnelles, jazz, musique contemporaine, acoustique et \u00e9lectronique). Au del\u00e0 de la musique pure, c\u2019est \u00e9galement vers le lien entre spectacle et musique vivante qu\u2019il a orient\u00e9 son \u00e9clectisme,&hellip;&nbsp;<\/p>\n","protected":false},"author":1,"featured_media":11177,"parent":0,"menu_order":0,"comment_status":"closed","ping_status":"open","template":"","meta":{"neve_meta_sidebar":"","neve_meta_container":"","neve_meta_enable_content_width":"","neve_meta_content_width":0,"neve_meta_title_alignment":"","neve_meta_author_avatar":"","neve_post_elements_order":"","neve_meta_disable_header":"","neve_meta_disable_footer":"","neve_meta_disable_title":"","footnotes":""},"class_list":["post-17","page","type-page","status-publish","has-post-thumbnail","hentry"],"_links":{"self":[{"href":"https:\/\/www.cbjurstrom.eu\/index.php\/wp-json\/wp\/v2\/pages\/17","targetHints":{"allow":["GET"]}}],"collection":[{"href":"https:\/\/www.cbjurstrom.eu\/index.php\/wp-json\/wp\/v2\/pages"}],"about":[{"href":"https:\/\/www.cbjurstrom.eu\/index.php\/wp-json\/wp\/v2\/types\/page"}],"author":[{"embeddable":true,"href":"https:\/\/www.cbjurstrom.eu\/index.php\/wp-json\/wp\/v2\/users\/1"}],"replies":[{"embeddable":true,"href":"https:\/\/www.cbjurstrom.eu\/index.php\/wp-json\/wp\/v2\/comments?post=17"}],"version-history":[{"count":11,"href":"https:\/\/www.cbjurstrom.eu\/index.php\/wp-json\/wp\/v2\/pages\/17\/revisions"}],"predecessor-version":[{"id":11212,"href":"https:\/\/www.cbjurstrom.eu\/index.php\/wp-json\/wp\/v2\/pages\/17\/revisions\/11212"}],"wp:featuredmedia":[{"embeddable":true,"href":"https:\/\/www.cbjurstrom.eu\/index.php\/wp-json\/wp\/v2\/media\/11177"}],"wp:attachment":[{"href":"https:\/\/www.cbjurstrom.eu\/index.php\/wp-json\/wp\/v2\/media?parent=17"}],"curies":[{"name":"wp","href":"https:\/\/api.w.org\/{rel}","templated":true}]}}