{"id":165,"date":"2020-10-16T19:39:16","date_gmt":"2020-10-16T17:39:16","guid":{"rendered":"http:\/\/cbjurstrom.eu\/cbj\/?page_id=165"},"modified":"2022-04-28T22:47:37","modified_gmt":"2022-04-28T20:47:37","slug":"resonances","status":"publish","type":"page","link":"https:\/\/www.cbjurstrom.eu\/index.php\/resonances\/","title":{"rendered":"R\u00e9sonances"},"content":{"rendered":"\n<p class=\"has-medium-font-size\"><strong>Pascal Guin et Christofer Bjurstr\u00f6m vous proposent d\u2019entrer dans l\u2019univers de Laurent Gaud\u00e9 avec ces r\u00e9cits musicaux choisis parmi certaines de ses nouvelles.<\/strong><\/p>\n\n\n\n<p class=\"has-medium-font-size\">Le principe est des plus simples : livre ouvert, voix vive et piano inspir\u00e9 !<\/p>\n\n\n\n<p>Une tr\u00e8s belle \u00e9criture, des compositions originales avec des atmosph\u00e8res musicales diff\u00e9rentes \u00e9pousant les nouvelles, et un duo d\u2019interpr\u00e8tes qui cherchent \u00e0 faire vibrer des mondes imagin\u00e9s.<\/p>\n\n\n\n<p>Ces r\u00e9cits musicaux se d\u00e9roulent sur une sc\u00e8ne, dans une biblioth\u00e8que, en appartement, en m\u00e9lodie au sous-sol, en po\u00e9sie sous les combles, embarqu\u00e9s en p\u00e9niche ?<\/p>\n\n\n\n<p><strong>Laurent Gaud\u00e9<\/strong> (Goncourt des lyc\u00e9ens 2002 et Goncourt 2004) a publi\u00e9<br>deux recueils de nouvelles parmi lesquelles nous vous proposons :<\/p>\n\n\n\n<ul class=\"wp-block-list\"><li>-* \u00ab\u00a0<strong>Gramercy Park Hotel<\/strong>\u00a0\u00bb : une nouvelle am\u00e9ricaine, d\u2019une sensibilit\u00e9 \u00e0 fleur de peau.<\/li><li>-* \u00ab\u00a0<strong>Le colonel Barbaque<\/strong>\u00a0\u00bb : une nouvelle africaine, de rage guerri\u00e8re et de r\u00e9volte.<\/li><li>-* \u00ab\u00a0<strong>Dans la nuit Mozambique<\/strong>\u00a0\u00bb : une nouvelle portugaise, entre fado et douceur de vivre.<\/li><li>-* \u00ab\u00a0<strong>Je finirai \u00e0 terr<\/strong>e\u00a0\u00bb : une nouvelle fantastique, au coeur de la Grande Guerre.<\/li><li>-* \u00ab\u00a0<strong>Tombeau pour Palerme<\/strong>\u00a0\u00bb : une nouvelle sicilienne, illustrant la lutte implacable contre la Mafia.<\/li><\/ul>\n\n\n\n<p class=\"has-background-color-background-color has-background\" style=\"font-size:22px\"><strong>Contact pour ces spectacles: <\/strong><a href=\"https:\/\/www.letheatrebleu.com\/\"> Le Th\u00e9\u00e2tre Bleu<\/a><\/p>\n\n\n\n<p>Vous pouvez voir ci-dessous des extraits video de ces r\u00e9cits musicaux, r\u00e9alis\u00e9s gr\u00e2ce \u00e0 l&rsquo;\u00e9quipe du Triton (un grand merci pour ces belles r\u00e9alisations): <\/p>\n\n\n\n<div class=\"wp-block-columns is-layout-flex wp-container-core-columns-is-layout-9d6595d7 wp-block-columns-is-layout-flex\">\n<div class=\"wp-block-column is-layout-flow wp-block-column-is-layout-flow\">\n<iframe loading=\"lazy\" src=\"\/\/www.dailymotion.com\/embed\/video\/x38vc23?start=0\" allowfullscreen=\"\" width=\"560\" height=\"315\" frameborder=\"0\"><\/iframe><br><a href=\"http:\/\/www.dailymotion.com\/video\/x38vc23_gramercy-park-hotel-teaser-le-triton_music?start=9\" target=\"_blank\" rel=\"noopener noreferrer\">Gramercy Park Hotel [Teaser] &#8211; le Triton<\/a> <i>by <a href=\"http:\/\/www.dailymotion.com\/tritonline\" target=\"_blank\" rel=\"noopener noreferrer\">tritonline<\/a><\/i>\n<\/div>\n\n\n\n<div class=\"wp-block-column is-layout-flow wp-block-column-is-layout-flow\">\n<iframe loading=\"lazy\" src=\"https:\/\/www.youtube.com\/embed\/YvjFQ7x5bQU\" allowfullscreen=\"\" width=\"560\" height=\"315\" frameborder=\"0\"><\/iframe>\n<\/div>\n<\/div>\n\n\n\n<div class=\"wp-block-columns is-layout-flex wp-container-core-columns-is-layout-9d6595d7 wp-block-columns-is-layout-flex\">\n<div class=\"wp-block-column is-layout-flow wp-block-column-is-layout-flow\">\n<iframe loading=\"lazy\" src=\"https:\/\/www.youtube.com\/embed\/CZ1a9-5Yhz8\" allowfullscreen=\"\" width=\"560\" height=\"315\" frameborder=\"0\"><\/iframe>\n<\/div>\n\n\n\n<div class=\"wp-block-column is-layout-flow wp-block-column-is-layout-flow\">\n<iframe loading=\"lazy\" src=\"https:\/\/www.youtube.com\/embed\/fPb7VZXXfHg\" allowfullscreen=\"\" width=\"560\" height=\"315\" frameborder=\"0\"><\/iframe>\n\n\n\n<p><\/p>\n<\/div>\n<\/div>\n\n\n\n<div class=\"wp-block-columns is-layout-flex wp-container-core-columns-is-layout-9d6595d7 wp-block-columns-is-layout-flex\">\n<div class=\"wp-block-column is-layout-flow wp-block-column-is-layout-flow\">\n<iframe loading=\"lazy\" src=\"https:\/\/www.youtube.com\/embed\/j1SVrYHdLPc\" allowfullscreen=\"\" width=\"560\" height=\"315\" frameborder=\"0\"><\/iframe>\n<\/div>\n\n\n\n<div class=\"wp-block-column is-layout-flow wp-block-column-is-layout-flow\"><\/div>\n<\/div>\n","protected":false},"excerpt":{"rendered":"<p>Pascal Guin et Christofer Bjurstr\u00f6m vous proposent d\u2019entrer dans l\u2019univers de Laurent Gaud\u00e9 avec ces r\u00e9cits musicaux choisis parmi certaines de ses nouvelles. Le principe est des plus simples : livre ouvert, voix vive et piano inspir\u00e9 ! Une tr\u00e8s belle \u00e9criture, des compositions originales avec des atmosph\u00e8res musicales diff\u00e9rentes \u00e9pousant les nouvelles, et un&hellip;&nbsp;<\/p>\n","protected":false},"author":1,"featured_media":0,"parent":0,"menu_order":0,"comment_status":"closed","ping_status":"closed","template":"","meta":{"neve_meta_sidebar":"","neve_meta_container":"","neve_meta_enable_content_width":"","neve_meta_content_width":0,"neve_meta_title_alignment":"","neve_meta_author_avatar":"","neve_post_elements_order":"","neve_meta_disable_header":"","neve_meta_disable_footer":"","neve_meta_disable_title":"","footnotes":""},"class_list":["post-165","page","type-page","status-publish","hentry"],"_links":{"self":[{"href":"https:\/\/www.cbjurstrom.eu\/index.php\/wp-json\/wp\/v2\/pages\/165","targetHints":{"allow":["GET"]}}],"collection":[{"href":"https:\/\/www.cbjurstrom.eu\/index.php\/wp-json\/wp\/v2\/pages"}],"about":[{"href":"https:\/\/www.cbjurstrom.eu\/index.php\/wp-json\/wp\/v2\/types\/page"}],"author":[{"embeddable":true,"href":"https:\/\/www.cbjurstrom.eu\/index.php\/wp-json\/wp\/v2\/users\/1"}],"replies":[{"embeddable":true,"href":"https:\/\/www.cbjurstrom.eu\/index.php\/wp-json\/wp\/v2\/comments?post=165"}],"version-history":[{"count":11,"href":"https:\/\/www.cbjurstrom.eu\/index.php\/wp-json\/wp\/v2\/pages\/165\/revisions"}],"predecessor-version":[{"id":10391,"href":"https:\/\/www.cbjurstrom.eu\/index.php\/wp-json\/wp\/v2\/pages\/165\/revisions\/10391"}],"wp:attachment":[{"href":"https:\/\/www.cbjurstrom.eu\/index.php\/wp-json\/wp\/v2\/media?parent=165"}],"curies":[{"name":"wp","href":"https:\/\/api.w.org\/{rel}","templated":true}]}}