{"id":163,"date":"2020-10-16T19:29:36","date_gmt":"2020-10-16T17:29:36","guid":{"rendered":"http:\/\/cbjurstrom.eu\/cbj\/?page_id=163"},"modified":"2022-04-28T22:46:44","modified_gmt":"2022-04-28T20:46:44","slug":"le-colonel-barbaque","status":"publish","type":"page","link":"https:\/\/www.cbjurstrom.eu\/index.php\/le-colonel-barbaque\/","title":{"rendered":"Le Colonel Barbaque"},"content":{"rendered":"\n<figure class=\"wp-block-embed is-type-video is-provider-vimeo\"><div class=\"wp-block-embed__wrapper\">\n<div class=\"nv-iframe-embed\"><iframe loading=\"lazy\" title=\"Le Colonel Barbaque - teaser\" src=\"https:\/\/player.vimeo.com\/video\/280920806?dnt=1&amp;app_id=122963\" width=\"1200\" height=\"675\" frameborder=\"0\" allow=\"autoplay; fullscreen; picture-in-picture; clipboard-write; encrypted-media; web-share\" referrerpolicy=\"strict-origin-when-cross-origin\"><\/iframe><\/div>\n<\/div><\/figure>\n\n\n\n<p><a href=\"https:\/\/vimeo.com\/280920806\">Le Colonel Barbaque &#8211; teaser<\/a> from <a href=\"https:\/\/vimeo.com\/user16160263\">le TB<\/a> on <a href=\"https:\/\/vimeo.com\">Vimeo<\/a>.<\/p>\n\n\n\n<p><strong>Le Colonel Barbaque <\/strong>est un prolongement de Cris, le premier roman de Laurent Gaud\u00e9.<br>Quentin Ripoll a connu l\u2019horreur des tranch\u00e9es, la folie du feu et de la mort \u00e0 l\u2019aff\u00fbt. Il fait partie de ces hommes qui, la paix revenue, restent des \u00e2mes irr\u00e9m\u00e9diablement br\u00fbl\u00e9es, incapables de r\u00e9int\u00e9grer le rythme lent d\u2019une vie d\u2019homme. En m\u00e9moire d\u2019un camarade, M\u2019Bossolo, qui l\u2019avait sauv\u00e9, il part \u00e0 l\u2019aventure en Afrique, s\u2019adonne \u00e0 des trafics, et bascule dans la r\u00e9bellion contre le colonisateur fran\u00e7ais.\u00ab Je suis la guerre \u00bb, r\u00e9p\u00e8te celui que les insurg\u00e9s ont baptis\u00e9 Colonel Barbaque, et qui met tout son art \u00e0 terroriser les garnisons et les caravanes au long du fleuve Niger. Mais le temps des ind\u00e9pendances n\u2019est pas encore venu\u2026<br><br>En compl\u00e9ment du Colonel Barbaque, une pr\u00e9sentation du<br><strong>chant des sept tours<\/strong> est propos\u00e9e, soit sous forme de spectacle, soit sous forme d&rsquo;atelier avec des com\u00e9diens, des danseurs, des musiciens amateurs. Il s&rsquo;agit d&rsquo;un texte r\u00e9cent, publi\u00e9 en mars 2017 (in De sang et de lumi\u00e8re).<\/p>\n\n\n\n<p>C\u2019est un cri, une plainte, une m\u00e9lop\u00e9e. L\u2019\u00e9vocation de ces cohortes d\u2019hommes, de femmes et d\u2019enfants d\u2019Afrique qui, durant des si\u00e8cles, ont \u00e9t\u00e9 arrach\u00e9s \u00e0 leur village, \u00e0 leur famille, \u00e0 leur terre, \u00e0 leur langue, pour \u00eatre r\u00e9duits en esclavage. Derni\u00e8re \u00ab c\u00e9r\u00e9monie \u00bb avant l\u2019embarquement forc\u00e9, ils devaient tourner autour de \u00ab l\u2019arbre de l\u2019oubli \u00bb et franchir la \u00ab porte de non-retour \u00bb. Cet arbre symbolique devient ici un monstre, tout autant que cette entreprise pr\u00e9industrielle qu\u2019a \u00e9t\u00e9 la traite n\u00e9gri\u00e8re. Ce po\u00e8me en prose a le souffle, la force des grandes incantations.<\/p>\n\n\n\n<p>Mise en sc\u00e8ne et jeu: Pascal GUIN<br>Danse: Marcel GBEFFA<br>Musique: Christofer BJURSTR\u00d6M<\/p>\n\n\n\n<p>Un spectacle du <a href=\"https:\/\/www.letheatrebleu.com\/\">Th\u00e9\u00e2tre Bleu<\/a><\/p>\n","protected":false},"excerpt":{"rendered":"<p>Le Colonel Barbaque &#8211; teaser from le TB on Vimeo. Le Colonel Barbaque est un prolongement de Cris, le premier roman de Laurent Gaud\u00e9.Quentin Ripoll a connu l\u2019horreur des tranch\u00e9es, la folie du feu et de la mort \u00e0 l\u2019aff\u00fbt. Il fait partie de ces hommes qui, la paix revenue, restent des \u00e2mes irr\u00e9m\u00e9diablement br\u00fbl\u00e9es,&hellip;&nbsp;<\/p>\n","protected":false},"author":1,"featured_media":0,"parent":0,"menu_order":0,"comment_status":"closed","ping_status":"closed","template":"","meta":{"neve_meta_sidebar":"","neve_meta_container":"","neve_meta_enable_content_width":"","neve_meta_content_width":0,"neve_meta_title_alignment":"","neve_meta_author_avatar":"","neve_post_elements_order":"","neve_meta_disable_header":"","neve_meta_disable_footer":"","neve_meta_disable_title":"","footnotes":""},"class_list":["post-163","page","type-page","status-publish","hentry"],"_links":{"self":[{"href":"https:\/\/www.cbjurstrom.eu\/index.php\/wp-json\/wp\/v2\/pages\/163","targetHints":{"allow":["GET"]}}],"collection":[{"href":"https:\/\/www.cbjurstrom.eu\/index.php\/wp-json\/wp\/v2\/pages"}],"about":[{"href":"https:\/\/www.cbjurstrom.eu\/index.php\/wp-json\/wp\/v2\/types\/page"}],"author":[{"embeddable":true,"href":"https:\/\/www.cbjurstrom.eu\/index.php\/wp-json\/wp\/v2\/users\/1"}],"replies":[{"embeddable":true,"href":"https:\/\/www.cbjurstrom.eu\/index.php\/wp-json\/wp\/v2\/comments?post=163"}],"version-history":[{"count":5,"href":"https:\/\/www.cbjurstrom.eu\/index.php\/wp-json\/wp\/v2\/pages\/163\/revisions"}],"predecessor-version":[{"id":10390,"href":"https:\/\/www.cbjurstrom.eu\/index.php\/wp-json\/wp\/v2\/pages\/163\/revisions\/10390"}],"wp:attachment":[{"href":"https:\/\/www.cbjurstrom.eu\/index.php\/wp-json\/wp\/v2\/media?parent=163"}],"curies":[{"name":"wp","href":"https:\/\/api.w.org\/{rel}","templated":true}]}}