{"id":11238,"date":"2025-09-03T19:19:09","date_gmt":"2025-09-03T17:19:09","guid":{"rendered":"https:\/\/www.cbjurstrom.eu\/?page_id=11238"},"modified":"2025-09-03T19:33:01","modified_gmt":"2025-09-03T17:33:01","slug":"littoralite-lecture-musicale-autour-de-textes-de-kenneth-white","status":"publish","type":"page","link":"https:\/\/www.cbjurstrom.eu\/index.php\/littoralite-lecture-musicale-autour-de-textes-de-kenneth-white\/","title":{"rendered":"Littoralit\u00e9 &#8211; Lecture musicale autour de textes de Kenneth White"},"content":{"rendered":"\n<p><strong>Fr\u00e9d\u00e9ric Faure<\/strong>: lecture<br><strong>Christofer Bjurstr\u00f6m<\/strong> : piano, fl\u00fbtes<\/p>\n\n\n\n<figure class=\"wp-block-embed is-type-rich is-provider-soundcloud wp-block-embed-soundcloud\"><div class=\"wp-block-embed__wrapper\">\n<iframe loading=\"lazy\" title=\"Extraits de la lecture musicale &quot;Littoralit\u00e9&quot; by Christofer Bjurstr\u00f6m\" width=\"1200\" height=\"400\" scrolling=\"no\" frameborder=\"no\" src=\"https:\/\/w.soundcloud.com\/player\/?visual=true&#038;url=https%3A%2F%2Fapi.soundcloud.com%2Ftracks%2F2101640556&#038;show_artwork=true&#038;maxheight=1000&#038;maxwidth=1200\"><\/iframe>\n<\/div><\/figure>\n\n\n\n<p><em>J\u2019ai essay\u00e9 d\u2019arriver \u00e0 une po\u00e9tique qui ne soit ni celle de la personne enferm\u00e9e en elle-m\u00eame, ni celle de la langue tournant autour d\u2019elle-m\u00eame, mais une po\u00e9tique du monde o\u00f9, quelles que soient les pistes suivies \u00e0 travers les territoires, quelle que soit la pens\u00e9e en jeu, la sensation premi\u00e8re est toujours pr\u00e9sente.<\/em><br>(Kenneth White, Petit Trait\u00e9 de littoralit\u00e9.)<\/p>\n\n\n\n<p>Les textes choisis pour cette lecture traverseront l\u2019oeuvre po\u00e9tique de Kenneth White, en lien avec le littoral. Cela commencera par des po\u00e8mes courts extrait de son recueil Terre de diamant (1977) et se poursuivra par des extraits de ce long po\u00e8me manifeste qu\u2019est Le Grand Rivage (1980).<br>Vous entendrez une prose po\u00e9tique, tir\u00e9e de son premier recueil en fran\u00e7ais En toute candeur (1964), \u00e9voquant les \u00ab collines matricielles \u00bb de son enfance, \u00e0 Fairlie, un petit port de p\u00eache de la c\u00f4te ouest de l\u2019\u00c9cosse, entre mer et lande.<br>Il y aura quelques allers-retours sur le rivage breton, une vision a\u00e9rienne d\u2019un delta en Colombie britannique, une incursion \u00e0 Montr\u00e9al, un coup de chaud aux \u00eeles Mascareignes\u2026 <br>Et nous conclurons le voyage par un autre voyage, celui que fit Kenneth White dans le nord du Japon, sur les traces du po\u00e8te Basho, et dont il relate les \u00e9tapes dans son ouvrage Les Cygnes sauvages (1990).<\/p>\n\n\n\n<p>La po\u00e9sie, telle que l\u2019entend Kenneth White, est \u00ab \u00e0 l\u2019\u00e9coute du lieu \u00bb. Elle s\u2019ancre dans le monde, sait le lire autant qu\u2019elle le parle. Aussi d\u00e9sencombr\u00e9e que possible, elle vise \u00e0 donner \u00ab une sensation de monde \u00bb.<br>Cette conception exigeante de la po\u00e9sie a trouv\u00e9 sa traduction en terme de g\u00e9opo\u00e9tique : \u00ab une pens\u00e9e qui s\u2019est impos\u00e9e, pr\u00e9cise White, parce qu\u2019il m\u2019\u00e9tait toujours apparu que la po\u00e9tique la plus riche venait d\u2019un contact avec la terre, d\u2019une plong\u00e9e dans l\u2019espace biosph\u00e9rique, d\u2019une tentative pour lire les lignes du monde \u00bb.<\/p>\n\n\n\n<p>Pour cette lecture musicale, le parti-pris des interpr\u00e8tes est r\u00e9solument celui du d\u00e9pouillement, sans s\u2019interdire une certaine expressivit\u00e9, en r\u00e9sonance avec la musicalit\u00e9 propre du texte. Le dialogue entre le lecteur et le musicien s\u2019improvise dans l\u2019instant, fonctionne comme une respiration \u2014 notes et silences approfondissent les contours des paysages d\u00e9crits.<\/p>\n","protected":false},"excerpt":{"rendered":"<p>Fr\u00e9d\u00e9ric Faure: lectureChristofer Bjurstr\u00f6m : piano, fl\u00fbtes J\u2019ai essay\u00e9 d\u2019arriver \u00e0 une po\u00e9tique qui ne soit ni celle de la personne enferm\u00e9e en elle-m\u00eame, ni celle de la langue tournant autour d\u2019elle-m\u00eame, mais une po\u00e9tique du monde o\u00f9, quelles que soient les pistes suivies \u00e0 travers les territoires, quelle que soit la pens\u00e9e en jeu,&hellip;&nbsp;<\/p>\n","protected":false},"author":1,"featured_media":11198,"parent":0,"menu_order":0,"comment_status":"closed","ping_status":"closed","template":"","meta":{"neve_meta_sidebar":"","neve_meta_container":"","neve_meta_enable_content_width":"","neve_meta_content_width":0,"neve_meta_title_alignment":"","neve_meta_author_avatar":"","neve_post_elements_order":"","neve_meta_disable_header":"","neve_meta_disable_footer":"","neve_meta_disable_title":"","footnotes":""},"class_list":["post-11238","page","type-page","status-publish","has-post-thumbnail","hentry"],"_links":{"self":[{"href":"https:\/\/www.cbjurstrom.eu\/index.php\/wp-json\/wp\/v2\/pages\/11238","targetHints":{"allow":["GET"]}}],"collection":[{"href":"https:\/\/www.cbjurstrom.eu\/index.php\/wp-json\/wp\/v2\/pages"}],"about":[{"href":"https:\/\/www.cbjurstrom.eu\/index.php\/wp-json\/wp\/v2\/types\/page"}],"author":[{"embeddable":true,"href":"https:\/\/www.cbjurstrom.eu\/index.php\/wp-json\/wp\/v2\/users\/1"}],"replies":[{"embeddable":true,"href":"https:\/\/www.cbjurstrom.eu\/index.php\/wp-json\/wp\/v2\/comments?post=11238"}],"version-history":[{"count":2,"href":"https:\/\/www.cbjurstrom.eu\/index.php\/wp-json\/wp\/v2\/pages\/11238\/revisions"}],"predecessor-version":[{"id":11241,"href":"https:\/\/www.cbjurstrom.eu\/index.php\/wp-json\/wp\/v2\/pages\/11238\/revisions\/11241"}],"wp:featuredmedia":[{"embeddable":true,"href":"https:\/\/www.cbjurstrom.eu\/index.php\/wp-json\/wp\/v2\/media\/11198"}],"wp:attachment":[{"href":"https:\/\/www.cbjurstrom.eu\/index.php\/wp-json\/wp\/v2\/media?parent=11238"}],"curies":[{"name":"wp","href":"https:\/\/api.w.org\/{rel}","templated":true}]}}