{"id":11204,"date":"2025-09-03T16:59:58","date_gmt":"2025-09-03T14:59:58","guid":{"rendered":"https:\/\/www.cbjurstrom.eu\/?page_id=11204"},"modified":"2025-09-11T17:47:49","modified_gmt":"2025-09-11T15:47:49","slug":"musiques-de-cine-concerts-orphelines","status":"publish","type":"page","link":"https:\/\/www.cbjurstrom.eu\/index.php\/musiques-de-cine-concerts-orphelines\/","title":{"rendered":"Musiques de cin\u00e9-concerts orphelines"},"content":{"rendered":"\n<p>Le monde des droits des films et de leurs copies est un monde en perp\u00e9tuelle mutation. Aussi il arrive que certains films, pour lesquelles une musique a \u00e9t\u00e9 \u00e9crite pour un cin\u00e9-concert, ne soient plus disponibles (les droits sont \u00e9chus, plus personne n&rsquo;a le droit de diffuser une copie, en dehors des cin\u00e9math\u00e8ques). <\/p>\n\n\n\n<p>Dans ce cas, les musiques \u00e9crites restent en veille, en attendant que le film redevienne visible (ce qui arrive, bien s\u00fbr: \u00e7a a \u00e9t\u00e9 le cas de certains films de Buster Keaton notamment). <\/p>\n\n\n\n<p><\/p>\n","protected":false},"excerpt":{"rendered":"<p>Le monde des droits des films et de leurs copies est un monde en perp\u00e9tuelle mutation. Aussi il arrive que certains films, pour lesquelles une musique a \u00e9t\u00e9 \u00e9crite pour un cin\u00e9-concert, ne soient plus disponibles (les droits sont \u00e9chus, plus personne n&rsquo;a le droit de diffuser une copie, en dehors des cin\u00e9math\u00e8ques). Dans ce&hellip;&nbsp;<\/p>\n","protected":false},"author":1,"featured_media":10806,"parent":0,"menu_order":0,"comment_status":"closed","ping_status":"closed","template":"","meta":{"neve_meta_sidebar":"","neve_meta_container":"","neve_meta_enable_content_width":"","neve_meta_content_width":0,"neve_meta_title_alignment":"","neve_meta_author_avatar":"","neve_post_elements_order":"","neve_meta_disable_header":"","neve_meta_disable_footer":"","neve_meta_disable_title":"","footnotes":""},"class_list":["post-11204","page","type-page","status-publish","has-post-thumbnail","hentry"],"_links":{"self":[{"href":"https:\/\/www.cbjurstrom.eu\/index.php\/wp-json\/wp\/v2\/pages\/11204","targetHints":{"allow":["GET"]}}],"collection":[{"href":"https:\/\/www.cbjurstrom.eu\/index.php\/wp-json\/wp\/v2\/pages"}],"about":[{"href":"https:\/\/www.cbjurstrom.eu\/index.php\/wp-json\/wp\/v2\/types\/page"}],"author":[{"embeddable":true,"href":"https:\/\/www.cbjurstrom.eu\/index.php\/wp-json\/wp\/v2\/users\/1"}],"replies":[{"embeddable":true,"href":"https:\/\/www.cbjurstrom.eu\/index.php\/wp-json\/wp\/v2\/comments?post=11204"}],"version-history":[{"count":1,"href":"https:\/\/www.cbjurstrom.eu\/index.php\/wp-json\/wp\/v2\/pages\/11204\/revisions"}],"predecessor-version":[{"id":11205,"href":"https:\/\/www.cbjurstrom.eu\/index.php\/wp-json\/wp\/v2\/pages\/11204\/revisions\/11205"}],"wp:featuredmedia":[{"embeddable":true,"href":"https:\/\/www.cbjurstrom.eu\/index.php\/wp-json\/wp\/v2\/media\/10806"}],"wp:attachment":[{"href":"https:\/\/www.cbjurstrom.eu\/index.php\/wp-json\/wp\/v2\/media?parent=11204"}],"curies":[{"name":"wp","href":"https:\/\/api.w.org\/{rel}","templated":true}]}}