{"id":11086,"date":"2024-05-29T15:57:31","date_gmt":"2024-05-29T13:57:31","guid":{"rendered":"https:\/\/www.cbjurstrom.eu\/?page_id=11086"},"modified":"2025-09-11T17:46:08","modified_gmt":"2025-09-11T15:46:08","slug":"programmes-de-films-courts","status":"publish","type":"page","link":"https:\/\/www.cbjurstrom.eu\/index.php\/programmes-de-films-courts\/","title":{"rendered":"Programmes de films courts"},"content":{"rendered":"\n<h3 class=\"wp-block-heading\">Le cin\u00e9-concert peut aussi permettre de voir plusieurs films courts.<\/h3>\n\n\n\n<p>Souvent tr\u00e8s inventifs, ces court-m\u00e9trages repr\u00e9sentaient la majorit\u00e9 de la production cin\u00e9matographique de l&rsquo;\u00e9poque du cin\u00e9ma muet, en une ou deux bobines (10 ou 20mn). Nous proposons:<\/p>\n\n\n\n<ul class=\"wp-block-list\">\n<li>Contes et Silhouettes, une s\u00e9rie de court-m\u00e9trages sur le th\u00e8me du conte, par Lotte Reiniger<\/li>\n\n\n\n<li>\u00ab\u00a0En muet, fais ce qu&rsquo;il te pla\u00eet\u00a0\u00bb, un programme de court-m\u00e9trages \u00e0 la demande<\/li>\n\n\n\n<li>\u00ab\u00a0Inventaire d&rsquo;Inventeurs\u00a0\u00bb, les inventions folles de Charley Bowers et de Snub Pollard<\/li>\n\n\n\n<li>\u00ab\u00a0Les folles inventions de Mr Bricolo\u00a0\u00bb, d&rsquo;autres inventions de Charley Bowers<\/li>\n\n\n\n<li>\u00ab\u00a0Charlot Festival\u00a0\u00bb, un programme de films courts de Charlie Chaplin<\/li>\n\n\n\n<li>\u00ab\u00a0Elles n&rsquo;en font qu&rsquo;\u00e0 leur t\u00eate\u00a0\u00bb, un programme de films courts r\u00e9alis\u00e9s par des femmes ou mettant  des femmes en valeur<\/li>\n\n\n\n<li>Cin\u00e9-Concert inuit pour petites chouettes, un programme de films inuit<\/li>\n\n\n\n<li>\u00ab\u00a0Autour des Pionniers de l&rsquo;Animation\u00a0\u00bb, les d\u00e9buts du cin\u00e9ma d&rsquo;animation<\/li>\n\n\n\n<li>\u00ab\u00a0Trois (m\u00e9s)aventures d&rsquo;Harold Lloyd\u00a0\u00bb<\/li>\n\n\n\n<li>\u00ab\u00a0Nouvelles (m\u00e9s)aventures d&rsquo;Harold Lloyd\u00a0\u00bb<\/li>\n\n\n\n<li>Cin\u00e9-concert <a href=\"https:\/\/cbjurstrom.eu\/index.php\/cine-concert-autour-du-conte\/\" target=\"_blank\" rel=\"noreferrer noopener\">Autour du conte<\/a> <\/li>\n\n\n\n<li>Cin\u00e9-concert <a href=\"https:\/\/cbjurstrom.eu\/index.php\/cote-courts\/\" target=\"_blank\" rel=\"noreferrer noopener\">C\u00f4t\u00e9 Courts<\/a><\/li>\n<\/ul>\n\n\n\n<div class=\"wp-block-columns is-layout-flex wp-container-core-columns-is-layout-9d6595d7 wp-block-columns-is-layout-flex\">\n<div class=\"wp-block-column is-layout-flow wp-block-column-is-layout-flow\">\n<figure class=\"wp-block-image size-large\"><img loading=\"lazy\" decoding=\"async\" width=\"1024\" height=\"643\" src=\"https:\/\/www.cbjurstrom.eu\/wp-content\/uploads\/Contes-et-Silhouettes-2-rec-comp-1024x643.jpg\" alt=\"\" class=\"wp-image-11044\" srcset=\"https:\/\/www.cbjurstrom.eu\/wp-content\/uploads\/Contes-et-Silhouettes-2-rec-comp-1024x643.jpg 1024w, https:\/\/www.cbjurstrom.eu\/wp-content\/uploads\/Contes-et-Silhouettes-2-rec-comp-300x188.jpg 300w, https:\/\/www.cbjurstrom.eu\/wp-content\/uploads\/Contes-et-Silhouettes-2-rec-comp-768x482.jpg 768w, https:\/\/www.cbjurstrom.eu\/wp-content\/uploads\/Contes-et-Silhouettes-2-rec-comp.jpg 1280w\" sizes=\"auto, (max-width: 1024px) 100vw, 1024px\" \/><\/figure>\n<\/div>\n\n\n\n<div class=\"wp-block-column is-layout-flow wp-block-column-is-layout-flow\">\n<figure class=\"wp-block-image size-full\"><img loading=\"lazy\" decoding=\"async\" width=\"394\" height=\"394\" src=\"https:\/\/www.cbjurstrom.eu\/wp-content\/uploads\/temps-des-fileuses-agenda.jpg\" alt=\"\" class=\"wp-image-10897\" srcset=\"https:\/\/www.cbjurstrom.eu\/wp-content\/uploads\/temps-des-fileuses-agenda.jpg 394w, https:\/\/www.cbjurstrom.eu\/wp-content\/uploads\/temps-des-fileuses-agenda-300x300.jpg 300w, https:\/\/www.cbjurstrom.eu\/wp-content\/uploads\/temps-des-fileuses-agenda-150x150.jpg 150w\" sizes=\"auto, (max-width: 394px) 100vw, 394px\" \/><\/figure>\n<\/div>\n\n\n\n<div class=\"wp-block-column is-layout-flow wp-block-column-is-layout-flow\">\n<figure class=\"wp-block-image size-full\"><img loading=\"lazy\" decoding=\"async\" width=\"404\" height=\"320\" src=\"https:\/\/www.cbjurstrom.eu\/wp-content\/uploads\/one-week-3.jpg\" alt=\"\" class=\"wp-image-10241\" srcset=\"https:\/\/www.cbjurstrom.eu\/wp-content\/uploads\/one-week-3.jpg 404w, https:\/\/www.cbjurstrom.eu\/wp-content\/uploads\/one-week-3-300x238.jpg 300w\" sizes=\"auto, (max-width: 404px) 100vw, 404px\" \/><\/figure>\n<\/div>\n<\/div>\n\n\n\n<div class=\"wp-block-columns is-layout-flex wp-container-core-columns-is-layout-9d6595d7 wp-block-columns-is-layout-flex\">\n<div class=\"wp-block-column is-layout-flow wp-block-column-is-layout-flow\">\n<figure class=\"wp-block-image size-large\"><img loading=\"lazy\" decoding=\"async\" width=\"1024\" height=\"768\" src=\"https:\/\/www.cbjurstrom.eu\/wp-content\/uploads\/madame-envies-1024x768.jpg\" alt=\"\" class=\"wp-image-10432\" srcset=\"https:\/\/www.cbjurstrom.eu\/wp-content\/uploads\/madame-envies-1024x768.jpg 1024w, https:\/\/www.cbjurstrom.eu\/wp-content\/uploads\/madame-envies-300x225.jpg 300w, https:\/\/www.cbjurstrom.eu\/wp-content\/uploads\/madame-envies-768x576.jpg 768w, https:\/\/www.cbjurstrom.eu\/wp-content\/uploads\/madame-envies.jpg 1280w\" sizes=\"auto, (max-width: 1024px) 100vw, 1024px\" \/><\/figure>\n<\/div>\n\n\n\n<div class=\"wp-block-column is-layout-flow wp-block-column-is-layout-flow\">\n<figure class=\"wp-block-image size-full\"><img loading=\"lazy\" decoding=\"async\" width=\"264\" height=\"191\" src=\"https:\/\/www.cbjurstrom.eu\/wp-content\/uploads\/2020\/11\/1-Le-mariage-du-hibou.jpg\" alt=\"\" class=\"wp-image-866\"\/><\/figure>\n<\/div>\n\n\n\n<div class=\"wp-block-column is-layout-flow wp-block-column-is-layout-flow\">\n<figure class=\"wp-block-image size-full\"><img loading=\"lazy\" decoding=\"async\" width=\"500\" height=\"333\" src=\"https:\/\/www.cbjurstrom.eu\/wp-content\/uploads\/2020\/11\/les-fables-de-starewitch.png\" alt=\"\" class=\"wp-image-830\" srcset=\"https:\/\/www.cbjurstrom.eu\/wp-content\/uploads\/2020\/11\/les-fables-de-starewitch.png 500w, https:\/\/www.cbjurstrom.eu\/wp-content\/uploads\/2020\/11\/les-fables-de-starewitch-300x200.png 300w, https:\/\/www.cbjurstrom.eu\/wp-content\/uploads\/2020\/11\/les-fables-de-starewitch-360x240.png 360w\" sizes=\"auto, (max-width: 500px) 100vw, 500px\" \/><\/figure>\n<\/div>\n<\/div>\n","protected":false},"excerpt":{"rendered":"<p>Le cin\u00e9-concert peut aussi permettre de voir plusieurs films courts. Souvent tr\u00e8s inventifs, ces court-m\u00e9trages repr\u00e9sentaient la majorit\u00e9 de la production cin\u00e9matographique de l&rsquo;\u00e9poque du cin\u00e9ma muet, en une ou deux bobines (10 ou 20mn). Nous proposons:<\/p>\n","protected":false},"author":1,"featured_media":181,"parent":0,"menu_order":0,"comment_status":"closed","ping_status":"closed","template":"","meta":{"neve_meta_sidebar":"","neve_meta_container":"","neve_meta_enable_content_width":"","neve_meta_content_width":0,"neve_meta_title_alignment":"","neve_meta_author_avatar":"","neve_post_elements_order":"","neve_meta_disable_header":"","neve_meta_disable_footer":"","neve_meta_disable_title":"","footnotes":""},"class_list":["post-11086","page","type-page","status-publish","has-post-thumbnail","hentry"],"_links":{"self":[{"href":"https:\/\/www.cbjurstrom.eu\/index.php\/wp-json\/wp\/v2\/pages\/11086","targetHints":{"allow":["GET"]}}],"collection":[{"href":"https:\/\/www.cbjurstrom.eu\/index.php\/wp-json\/wp\/v2\/pages"}],"about":[{"href":"https:\/\/www.cbjurstrom.eu\/index.php\/wp-json\/wp\/v2\/types\/page"}],"author":[{"embeddable":true,"href":"https:\/\/www.cbjurstrom.eu\/index.php\/wp-json\/wp\/v2\/users\/1"}],"replies":[{"embeddable":true,"href":"https:\/\/www.cbjurstrom.eu\/index.php\/wp-json\/wp\/v2\/comments?post=11086"}],"version-history":[{"count":1,"href":"https:\/\/www.cbjurstrom.eu\/index.php\/wp-json\/wp\/v2\/pages\/11086\/revisions"}],"predecessor-version":[{"id":11087,"href":"https:\/\/www.cbjurstrom.eu\/index.php\/wp-json\/wp\/v2\/pages\/11086\/revisions\/11087"}],"wp:featuredmedia":[{"embeddable":true,"href":"https:\/\/www.cbjurstrom.eu\/index.php\/wp-json\/wp\/v2\/media\/181"}],"wp:attachment":[{"href":"https:\/\/www.cbjurstrom.eu\/index.php\/wp-json\/wp\/v2\/media?parent=11086"}],"curies":[{"name":"wp","href":"https:\/\/api.w.org\/{rel}","templated":true}]}}