{"id":11031,"date":"2024-02-27T15:56:02","date_gmt":"2024-02-27T14:56:02","guid":{"rendered":"https:\/\/www.cbjurstrom.eu\/?page_id=11031"},"modified":"2025-09-03T17:10:44","modified_gmt":"2025-09-03T15:10:44","slug":"les-nouveaux-cine-concerts-2023-2024","status":"publish","type":"page","link":"https:\/\/www.cbjurstrom.eu\/index.php\/les-nouveaux-cine-concerts-2023-2024\/","title":{"rendered":"Les derni\u00e8res cr\u00e9ations de cin\u00e9-concerts"},"content":{"rendered":"\n<div class=\"wp-block-media-text alignwide is-stacked-on-mobile\"><figure class=\"wp-block-media-text__media\"><a href=\"https:\/\/www.cbjurstrom.eu\/index.php\/creation-2024-cine-concert-en-marge-de-goemons\/\"><img loading=\"lazy\" decoding=\"async\" width=\"1024\" height=\"666\" src=\"https:\/\/www.cbjurstrom.eu\/wp-content\/uploads\/Goemons-5-1024x666.jpg\" alt=\"\" class=\"wp-image-10920 size-full\" srcset=\"https:\/\/www.cbjurstrom.eu\/wp-content\/uploads\/Goemons-5-1024x666.jpg 1024w, https:\/\/www.cbjurstrom.eu\/wp-content\/uploads\/Goemons-5-300x195.jpg 300w, https:\/\/www.cbjurstrom.eu\/wp-content\/uploads\/Goemons-5-768x500.jpg 768w, https:\/\/www.cbjurstrom.eu\/wp-content\/uploads\/Goemons-5-1536x999.jpg 1536w, https:\/\/www.cbjurstrom.eu\/wp-content\/uploads\/Goemons-5-2048x1333.jpg 2048w\" sizes=\"auto, (max-width: 1024px) 100vw, 1024px\" \/><\/a><\/figure><div class=\"wp-block-media-text__content\">\n<h2 class=\"wp-block-heading\"><a href=\"https:\/\/www.cbjurstrom.eu\/index.php\/creation-2024-cine-concert-en-marge-de-goemons\/\" target=\"_blank\" rel=\"noreferrer noopener\">Cin\u00e9-Concert en Marge de Go\u00e9mons<\/a><\/h2>\n\n\n\n<p>Images tourn\u00e9es par Yannick Bellon en 1946-1948 \/Montage du film: Eric Le Roy<br>musique de Christofer Bjurstr\u00f6m, Julien Pontvianne et Vincent Raude<\/p>\n\n\n\n<p class=\"has-small-font-size\">Une immersion dans le monde des go\u00e9moniers, sur l\u2019\u00eele B\u00e9niguet, juste apr\u00e8s la seconde guerre mondiale. Un voyage \u00e0 travers les images tourn\u00e9es en 1946 par Yannick Bellon pour la r\u00e9alisation de son documentaire \u00ab&nbsp;Go\u00e9mons&nbsp;\u00bb permet de d\u00e9couvrir l\u2019univers de l\u2019\u00eele et la dure vie des go\u00e9moniers.<\/p>\n\n\n\n<p class=\"has-small-font-size\">La musique de Christofer Bjurstr\u00f6m, Julien Pontvianne et Vincent Raude m\u00eale aux sons naturels enregistr\u00e9s sur les \u00eeles et musicalis\u00e9s par Vincent Raude, le souffle et les m\u00e9lodies compos\u00e9es par Christofer Bjurstr\u00f6m et par Julien Pontvianne, jou\u00e9es par Christofer aux fl\u00fbtes et au piano et par Julien au saxophone et \u00e0 la clarinette.<\/p>\n<\/div><\/div>\n\n\n\n<div class=\"wp-block-media-text alignwide has-media-on-the-right is-stacked-on-mobile\"><div class=\"wp-block-media-text__content\">\n<h3 class=\"wp-block-heading\"><a href=\"https:\/\/www.cbjurstrom.eu\/index.php\/cine-concert-contes-et-silhouettes\/\" target=\"_blank\" rel=\"noreferrer noopener\">Cin\u00e9-Concert \u00ab\u00a0Contes et Silhouettes\u00a0\u00bb<\/a><\/h3>\n\n\n\n<p>4 films courts de Lotte Reiniger<br>Musique de Christofer Bjurstr\u00f6m<br>Avec <strong>Christofer Bjurstr\u00f6m<\/strong>, piano, fl\u00fbtes et <strong>Catherine Le Flochmoan<\/strong>, conte, chant et objets sonores<br><strong>Tout public \u00e0 partir de 4 ans.<\/strong> Dur\u00e9e: 43 mn <\/p>\n\n\n\n<p>La r\u00e9alisatrice Lotte Reiniger, ma\u00eetresse incontest\u00e9e du film en silhouettes d\u00e9coup\u00e9es a r\u00e9alis\u00e9 ces 4 court-m\u00e9trages d\u2019animation dans les ann\u00e9es 1950, des ann\u00e9es apr\u00e8s son monumental \u00ab&nbsp;Les Aventures du Prince Ahmed&nbsp;\u00bb.<br><em>\u00ab Les films de Lotte Reiniger sont comme de la po\u00e9sie en mouvement.  \u00bb (Hayao Miyazaki)<\/em><\/p>\n<\/div><figure class=\"wp-block-media-text__media\"><a href=\"https:\/\/www.cbjurstrom.eu\/index.php\/cine-concert-contes-et-silhouettes\/\"><img loading=\"lazy\" decoding=\"async\" width=\"1024\" height=\"832\" src=\"https:\/\/www.cbjurstrom.eu\/wp-content\/uploads\/La-Belle-au-Bois-dormant-01-1024x832.png\" alt=\"\" class=\"wp-image-10909 size-full\" srcset=\"https:\/\/www.cbjurstrom.eu\/wp-content\/uploads\/La-Belle-au-Bois-dormant-01-1024x832.png 1024w, https:\/\/www.cbjurstrom.eu\/wp-content\/uploads\/La-Belle-au-Bois-dormant-01-300x244.png 300w, https:\/\/www.cbjurstrom.eu\/wp-content\/uploads\/La-Belle-au-Bois-dormant-01-768x624.png 768w, https:\/\/www.cbjurstrom.eu\/wp-content\/uploads\/La-Belle-au-Bois-dormant-01.png 1329w\" sizes=\"auto, (max-width: 1024px) 100vw, 1024px\" \/><\/a><\/figure><\/div>\n\n\n\n<div class=\"wp-block-media-text alignwide is-stacked-on-mobile\"><figure class=\"wp-block-media-text__media\"><a href=\"https:\/\/www.cbjurstrom.eu\/index.php\/ma-vache-et-moi-go-west\/\" target=\"_blank\" rel=\"noreferrer noopener\"><img loading=\"lazy\" decoding=\"async\" width=\"600\" height=\"400\" src=\"https:\/\/www.cbjurstrom.eu\/wp-content\/uploads\/ma-vache-et-moi_600x400.jpg\" alt=\"\" class=\"wp-image-10829 size-full\" srcset=\"https:\/\/www.cbjurstrom.eu\/wp-content\/uploads\/ma-vache-et-moi_600x400.jpg 600w, https:\/\/www.cbjurstrom.eu\/wp-content\/uploads\/ma-vache-et-moi_600x400-300x200.jpg 300w, https:\/\/www.cbjurstrom.eu\/wp-content\/uploads\/ma-vache-et-moi_600x400-391x260.jpg 391w, https:\/\/www.cbjurstrom.eu\/wp-content\/uploads\/ma-vache-et-moi_600x400-360x240.jpg 360w\" sizes=\"auto, (max-width: 600px) 100vw, 600px\" \/><\/a><\/figure><div class=\"wp-block-media-text__content\">\n<h2 class=\"wp-block-heading\"><a href=\"https:\/\/www.cbjurstrom.eu\/index.php\/ma-vache-et-moi-go-west\/\" target=\"_blank\" rel=\"noreferrer noopener\">Cin\u00e9-Concert Go West (Ma vache et moi) de Buster Keaton<\/a><\/h2>\n\n\n\n<p><strong>Christofer Bjurstr\u00f6m<\/strong>, piano solo et composition<br>ou<br><strong>Christofer Bjurstr\u00f6m<\/strong>, piano\/ composition et <strong>Bruno Sigogneau<\/strong>, contrebasse<\/p>\n\n\n\n<p>La rencontre d\u2019une vache et d\u2019un jeune vagabond dans l\u2019ouest des Etats-Unis.<\/p>\n\n\n\n<p>Buster Keaton y joue le r\u00f4le d\u2019un personnage solitaire qui d\u00e9barque de la C\u00f4te Est, fam\u00e9lique et sans le sou, et qui cherche du travail dans un ranch. Il y rencontre une vache sympathique qui, comme lui, est mise \u00e0 l\u2019\u00e9cart par ses pairs: entre eux, c\u2019est le coup de foudre. Ils deviennent ins\u00e9parables et quand le propri\u00e9taire du ranch envoie la vache \u00e0 l\u2019abattoir, Buster Keaton l\u2019accompagne, bien d\u00e9termin\u00e9 \u00e0 lui sauver la vie\u2026.<\/p>\n<\/div><\/div>\n","protected":false},"excerpt":{"rendered":"<p>Cin\u00e9-Concert en Marge de Go\u00e9mons Images tourn\u00e9es par Yannick Bellon en 1946-1948 \/Montage du film: Eric Le Roymusique de Christofer Bjurstr\u00f6m, Julien Pontvianne et Vincent Raude Une immersion dans le monde des go\u00e9moniers, sur l\u2019\u00eele B\u00e9niguet, juste apr\u00e8s la seconde guerre mondiale. Un voyage \u00e0 travers les images tourn\u00e9es en 1946 par Yannick Bellon pour&hellip;&nbsp;<\/p>\n","protected":false},"author":1,"featured_media":10910,"parent":0,"menu_order":0,"comment_status":"closed","ping_status":"closed","template":"","meta":{"neve_meta_sidebar":"","neve_meta_container":"","neve_meta_enable_content_width":"","neve_meta_content_width":0,"neve_meta_title_alignment":"","neve_meta_author_avatar":"","neve_post_elements_order":"","neve_meta_disable_header":"","neve_meta_disable_footer":"","neve_meta_disable_title":"","footnotes":""},"class_list":["post-11031","page","type-page","status-publish","has-post-thumbnail","hentry"],"_links":{"self":[{"href":"https:\/\/www.cbjurstrom.eu\/index.php\/wp-json\/wp\/v2\/pages\/11031","targetHints":{"allow":["GET"]}}],"collection":[{"href":"https:\/\/www.cbjurstrom.eu\/index.php\/wp-json\/wp\/v2\/pages"}],"about":[{"href":"https:\/\/www.cbjurstrom.eu\/index.php\/wp-json\/wp\/v2\/types\/page"}],"author":[{"embeddable":true,"href":"https:\/\/www.cbjurstrom.eu\/index.php\/wp-json\/wp\/v2\/users\/1"}],"replies":[{"embeddable":true,"href":"https:\/\/www.cbjurstrom.eu\/index.php\/wp-json\/wp\/v2\/comments?post=11031"}],"version-history":[{"count":3,"href":"https:\/\/www.cbjurstrom.eu\/index.php\/wp-json\/wp\/v2\/pages\/11031\/revisions"}],"predecessor-version":[{"id":11214,"href":"https:\/\/www.cbjurstrom.eu\/index.php\/wp-json\/wp\/v2\/pages\/11031\/revisions\/11214"}],"wp:featuredmedia":[{"embeddable":true,"href":"https:\/\/www.cbjurstrom.eu\/index.php\/wp-json\/wp\/v2\/media\/10910"}],"wp:attachment":[{"href":"https:\/\/www.cbjurstrom.eu\/index.php\/wp-json\/wp\/v2\/media?parent=11031"}],"curies":[{"name":"wp","href":"https:\/\/api.w.org\/{rel}","templated":true}]}}