{"id":10826,"date":"2023-05-11T11:41:35","date_gmt":"2023-05-11T09:41:35","guid":{"rendered":"https:\/\/www.cbjurstrom.eu\/?page_id=10826"},"modified":"2025-09-11T16:57:33","modified_gmt":"2025-09-11T14:57:33","slug":"ma-vache-et-moi-go-west","status":"publish","type":"page","link":"https:\/\/www.cbjurstrom.eu\/index.php\/ma-vache-et-moi-go-west\/","title":{"rendered":"Ma Vache et moi (Go West)"},"content":{"rendered":"\n<div class=\"wp-block-media-text alignwide is-stacked-on-mobile\"><figure class=\"wp-block-media-text__media\"><img loading=\"lazy\" decoding=\"async\" width=\"1024\" height=\"818\" src=\"https:\/\/www.cbjurstrom.eu\/wp-content\/uploads\/ma-vache-et-moi_045-1024x818.jpg\" alt=\"\" class=\"wp-image-10827 size-full\" srcset=\"https:\/\/www.cbjurstrom.eu\/wp-content\/uploads\/ma-vache-et-moi_045-1024x818.jpg 1024w, https:\/\/www.cbjurstrom.eu\/wp-content\/uploads\/ma-vache-et-moi_045-300x240.jpg 300w, https:\/\/www.cbjurstrom.eu\/wp-content\/uploads\/ma-vache-et-moi_045-768x614.jpg 768w, https:\/\/www.cbjurstrom.eu\/wp-content\/uploads\/ma-vache-et-moi_045-1536x1227.jpg 1536w, https:\/\/www.cbjurstrom.eu\/wp-content\/uploads\/ma-vache-et-moi_045-2048x1636.jpg 2048w\" sizes=\"auto, (max-width: 1024px) 100vw, 1024px\" \/><\/figure><div class=\"wp-block-media-text__content\">\n<p><strong>Un film de Buster Keaton (1925)<br>Musique de Christofer Bjurstr\u00f6m<\/strong><\/p>\n\n\n\n<p>La rencontre d&rsquo;une vache et d&rsquo;un jeune vagabond dans l&rsquo;ouest des Etats-Unis.<\/p>\n\n\n\n<p>Buster Keaton y joue le r\u00f4le d&rsquo;un personnage solitaire qui d\u00e9barque de la C\u00f4te Est, fam\u00e9lique et sans le sou, et qui cherche du travail dans un ranch. Il y rencontre une vache sympathique qui, comme lui, est mise \u00e0 l&rsquo;\u00e9cart par ses pairs: entre eux, c&rsquo;est le coup de foudre. Ils deviennent ins\u00e9parables et quand le propri\u00e9taire du ranch envoie la vache \u00e0 l&rsquo;abattoir, Buster Keaton l&rsquo;accompagne, bien d\u00e9termin\u00e9 \u00e0 lui sauver la vie&#8230;.<\/p>\n<\/div><\/div>\n\n\n\n<div class=\"wp-block-media-text alignwide has-media-on-the-right is-stacked-on-mobile\"><div class=\"wp-block-media-text__content\">\n<p>Dans ce film tr\u00e8s touchant, et en m\u00eame temps dot\u00e9 de grands morceaux de bravoure comme sait les faire Buster Keaton (le train sans conducteur, les vaches d\u00e9filant dans Los Angeles), la musique doit vivre avec les \u00e9motions, dans la simplicit\u00e9, et dans l&rsquo;action.<\/p>\n\n\n\n<p>Deux versions de la musique: <\/p>\n\n\n\n<ul class=\"wp-block-list\">\n<li><strong>SOLO<\/strong>: <strong>Christofer Bjurstr\u00f6m<\/strong> piano solo \/ composition<\/li>\n\n\n\n<li><strong>DUO<\/strong>: <strong>Christofer Bjurstr\u00f6m<\/strong>, piano\/ composition et <strong>Bruno Sigogneau<\/strong>, contrebasse<\/li>\n<\/ul>\n\n\n\n<p><strong>Copie<\/strong>: DCP 4K<br><strong>Dur\u00e9e<\/strong>: 69 minutes<br>A partir de 6 ans<br>(Pour un public plus jeune, nous conseillons une version avec lecture des intertitres par Catherine Le Flochmoan)<\/p>\n<\/div><figure class=\"wp-block-media-text__media\"><img loading=\"lazy\" decoding=\"async\" width=\"1024\" height=\"817\" src=\"https:\/\/www.cbjurstrom.eu\/wp-content\/uploads\/ma-vache-et-moi_015-1024x817.jpg\" alt=\"\" class=\"wp-image-10828 size-full\" srcset=\"https:\/\/www.cbjurstrom.eu\/wp-content\/uploads\/ma-vache-et-moi_015-1024x817.jpg 1024w, https:\/\/www.cbjurstrom.eu\/wp-content\/uploads\/ma-vache-et-moi_015-300x239.jpg 300w, https:\/\/www.cbjurstrom.eu\/wp-content\/uploads\/ma-vache-et-moi_015-768x613.jpg 768w, https:\/\/www.cbjurstrom.eu\/wp-content\/uploads\/ma-vache-et-moi_015-1536x1225.jpg 1536w, https:\/\/www.cbjurstrom.eu\/wp-content\/uploads\/ma-vache-et-moi_015-2048x1633.jpg 2048w\" sizes=\"auto, (max-width: 1024px) 100vw, 1024px\" \/><\/figure><\/div>\n\n\n\n<figure class=\"wp-block-image size-full\"><img loading=\"lazy\" decoding=\"async\" width=\"600\" height=\"400\" src=\"https:\/\/www.cbjurstrom.eu\/wp-content\/uploads\/ma-vache-et-moi_600x400.jpg\" alt=\"\" class=\"wp-image-10829\" srcset=\"https:\/\/www.cbjurstrom.eu\/wp-content\/uploads\/ma-vache-et-moi_600x400.jpg 600w, https:\/\/www.cbjurstrom.eu\/wp-content\/uploads\/ma-vache-et-moi_600x400-300x200.jpg 300w, https:\/\/www.cbjurstrom.eu\/wp-content\/uploads\/ma-vache-et-moi_600x400-391x260.jpg 391w, https:\/\/www.cbjurstrom.eu\/wp-content\/uploads\/ma-vache-et-moi_600x400-360x240.jpg 360w\" sizes=\"auto, (max-width: 600px) 100vw, 600px\" \/><\/figure>\n","protected":false},"excerpt":{"rendered":"<p>Un film de Buster Keaton (1925)Musique de Christofer Bjurstr\u00f6m La rencontre d&rsquo;une vache et d&rsquo;un jeune vagabond dans l&rsquo;ouest des Etats-Unis. Buster Keaton y joue le r\u00f4le d&rsquo;un personnage solitaire qui d\u00e9barque de la C\u00f4te Est, fam\u00e9lique et sans le sou, et qui cherche du travail dans un ranch. Il y rencontre une vache sympathique&hellip;&nbsp;<\/p>\n","protected":false},"author":1,"featured_media":10829,"parent":0,"menu_order":0,"comment_status":"closed","ping_status":"closed","template":"","meta":{"neve_meta_sidebar":"","neve_meta_container":"","neve_meta_enable_content_width":"","neve_meta_content_width":0,"neve_meta_title_alignment":"","neve_meta_author_avatar":"","neve_post_elements_order":"","neve_meta_disable_header":"","neve_meta_disable_footer":"","neve_meta_disable_title":"","footnotes":""},"class_list":["post-10826","page","type-page","status-publish","has-post-thumbnail","hentry"],"_links":{"self":[{"href":"https:\/\/www.cbjurstrom.eu\/index.php\/wp-json\/wp\/v2\/pages\/10826","targetHints":{"allow":["GET"]}}],"collection":[{"href":"https:\/\/www.cbjurstrom.eu\/index.php\/wp-json\/wp\/v2\/pages"}],"about":[{"href":"https:\/\/www.cbjurstrom.eu\/index.php\/wp-json\/wp\/v2\/types\/page"}],"author":[{"embeddable":true,"href":"https:\/\/www.cbjurstrom.eu\/index.php\/wp-json\/wp\/v2\/users\/1"}],"replies":[{"embeddable":true,"href":"https:\/\/www.cbjurstrom.eu\/index.php\/wp-json\/wp\/v2\/comments?post=10826"}],"version-history":[{"count":5,"href":"https:\/\/www.cbjurstrom.eu\/index.php\/wp-json\/wp\/v2\/pages\/10826\/revisions"}],"predecessor-version":[{"id":11065,"href":"https:\/\/www.cbjurstrom.eu\/index.php\/wp-json\/wp\/v2\/pages\/10826\/revisions\/11065"}],"wp:featuredmedia":[{"embeddable":true,"href":"https:\/\/www.cbjurstrom.eu\/index.php\/wp-json\/wp\/v2\/media\/10829"}],"wp:attachment":[{"href":"https:\/\/www.cbjurstrom.eu\/index.php\/wp-json\/wp\/v2\/media?parent=10826"}],"curies":[{"name":"wp","href":"https:\/\/api.w.org\/{rel}","templated":true}]}}