{"id":10508,"date":"2022-10-11T11:38:09","date_gmt":"2022-10-11T09:38:09","guid":{"rendered":"https:\/\/www.cbjurstrom.eu\/?page_id=10508"},"modified":"2025-09-11T13:30:37","modified_gmt":"2025-09-11T11:30:37","slug":"duo-champion-bjurstrom","status":"publish","type":"page","link":"https:\/\/www.cbjurstrom.eu\/index.php\/duo-champion-bjurstrom\/","title":{"rendered":"Duo Champion \/ Bjurstr\u00f6m"},"content":{"rendered":"\n<div class=\"wp-block-media-text is-stacked-on-mobile\"><figure class=\"wp-block-media-text__media\"><img loading=\"lazy\" decoding=\"async\" width=\"1024\" height=\"575\" src=\"https:\/\/www.cbjurstrom.eu\/wp-content\/uploads\/Guisseny-15082021-1024x575.jpg\" alt=\"\" class=\"wp-image-10942 size-full\" srcset=\"https:\/\/www.cbjurstrom.eu\/wp-content\/uploads\/Guisseny-15082021-1024x575.jpg 1024w, https:\/\/www.cbjurstrom.eu\/wp-content\/uploads\/Guisseny-15082021-300x169.jpg 300w, https:\/\/www.cbjurstrom.eu\/wp-content\/uploads\/Guisseny-15082021-768x432.jpg 768w, https:\/\/www.cbjurstrom.eu\/wp-content\/uploads\/Guisseny-15082021-1536x863.jpg 1536w, https:\/\/www.cbjurstrom.eu\/wp-content\/uploads\/Guisseny-15082021-2048x1151.jpg 2048w\" sizes=\"auto, (max-width: 1024px) 100vw, 1024px\" \/><\/figure><div class=\"wp-block-media-text__content\">\n<p>Un duo trompette \/ piano servi par des musiciens \u00e0 l&rsquo;\u00e9coute.<\/p>\n\n\n\n<p>Une musique intimiste, ouverte, volontiers m\u00e9lodique, en touches nostalgiques et rythm\u00e9es.<\/p>\n<\/div><\/div>\n\n\n\n<div class=\"wp-block-media-text has-media-on-the-right is-stacked-on-mobile\"><div class=\"wp-block-media-text__content\">\n<p><strong>Philippe Champion <\/strong>: trompette, bugle, cornet<\/p>\n\n\n\n<p><strong>Christofer Bjurstr\u00f6m <\/strong>: piano, compositions<\/p>\n\n\n\n<p><\/p>\n<\/div><figure class=\"wp-block-media-text__media\"><img loading=\"lazy\" decoding=\"async\" width=\"1024\" height=\"768\" src=\"https:\/\/www.cbjurstrom.eu\/wp-content\/uploads\/Philippe-Champion-1024x768.jpg\" alt=\"\" class=\"wp-image-10943 size-full\" srcset=\"https:\/\/www.cbjurstrom.eu\/wp-content\/uploads\/Philippe-Champion-1024x768.jpg 1024w, https:\/\/www.cbjurstrom.eu\/wp-content\/uploads\/Philippe-Champion-300x225.jpg 300w, https:\/\/www.cbjurstrom.eu\/wp-content\/uploads\/Philippe-Champion-768x576.jpg 768w, https:\/\/www.cbjurstrom.eu\/wp-content\/uploads\/Philippe-Champion-1536x1152.jpg 1536w, https:\/\/www.cbjurstrom.eu\/wp-content\/uploads\/Philippe-Champion-2048x1536.jpg 2048w\" sizes=\"auto, (max-width: 1024px) 100vw, 1024px\" \/><\/figure><\/div>\n\n\n\n<figure class=\"wp-block-embed is-type-video is-provider-youtube wp-block-embed-youtube wp-embed-aspect-16-9 wp-has-aspect-ratio\"><div class=\"wp-block-embed__wrapper\">\n<div class=\"nv-iframe-embed\"><iframe loading=\"lazy\" title=\"Provisoire-Duo-Bjurstr\u00f6m-Champion\" width=\"1200\" height=\"675\" src=\"https:\/\/www.youtube.com\/embed\/kXhfn6EoZ-4?feature=oembed\" frameborder=\"0\" allow=\"accelerometer; autoplay; clipboard-write; encrypted-media; gyroscope; picture-in-picture; web-share\" referrerpolicy=\"strict-origin-when-cross-origin\" allowfullscreen><\/iframe><\/div>\n<\/div><\/figure>\n\n\n\n<figure class=\"wp-block-embed is-type-video is-provider-youtube wp-block-embed-youtube wp-embed-aspect-16-9 wp-has-aspect-ratio\"><div class=\"wp-block-embed__wrapper\">\n<div class=\"nv-iframe-embed\"><iframe loading=\"lazy\" title=\"Un-Instant-d-Egarement-Duo-Champion-Bjurstr\u00f6m\" width=\"1200\" height=\"675\" src=\"https:\/\/www.youtube.com\/embed\/la9b1LZrMHg?feature=oembed\" frameborder=\"0\" allow=\"accelerometer; autoplay; clipboard-write; encrypted-media; gyroscope; picture-in-picture; web-share\" referrerpolicy=\"strict-origin-when-cross-origin\" allowfullscreen><\/iframe><\/div>\n<\/div><\/figure>\n","protected":false},"excerpt":{"rendered":"<p>Un duo trompette \/ piano servi par des musiciens \u00e0 l&rsquo;\u00e9coute. Une musique intimiste, ouverte, volontiers m\u00e9lodique, en touches nostalgiques et rythm\u00e9es. Philippe Champion : trompette, bugle, cornet Christofer Bjurstr\u00f6m : piano, compositions<\/p>\n","protected":false},"author":1,"featured_media":11248,"parent":0,"menu_order":0,"comment_status":"closed","ping_status":"closed","template":"","meta":{"neve_meta_sidebar":"","neve_meta_container":"","neve_meta_enable_content_width":"","neve_meta_content_width":0,"neve_meta_title_alignment":"","neve_meta_author_avatar":"","neve_post_elements_order":"","neve_meta_disable_header":"","neve_meta_disable_footer":"","neve_meta_disable_title":"","footnotes":""},"class_list":["post-10508","page","type-page","status-publish","has-post-thumbnail","hentry"],"_links":{"self":[{"href":"https:\/\/www.cbjurstrom.eu\/index.php\/wp-json\/wp\/v2\/pages\/10508","targetHints":{"allow":["GET"]}}],"collection":[{"href":"https:\/\/www.cbjurstrom.eu\/index.php\/wp-json\/wp\/v2\/pages"}],"about":[{"href":"https:\/\/www.cbjurstrom.eu\/index.php\/wp-json\/wp\/v2\/types\/page"}],"author":[{"embeddable":true,"href":"https:\/\/www.cbjurstrom.eu\/index.php\/wp-json\/wp\/v2\/users\/1"}],"replies":[{"embeddable":true,"href":"https:\/\/www.cbjurstrom.eu\/index.php\/wp-json\/wp\/v2\/comments?post=10508"}],"version-history":[{"count":5,"href":"https:\/\/www.cbjurstrom.eu\/index.php\/wp-json\/wp\/v2\/pages\/10508\/revisions"}],"predecessor-version":[{"id":11171,"href":"https:\/\/www.cbjurstrom.eu\/index.php\/wp-json\/wp\/v2\/pages\/10508\/revisions\/11171"}],"wp:featuredmedia":[{"embeddable":true,"href":"https:\/\/www.cbjurstrom.eu\/index.php\/wp-json\/wp\/v2\/media\/11248"}],"wp:attachment":[{"href":"https:\/\/www.cbjurstrom.eu\/index.php\/wp-json\/wp\/v2\/media?parent=10508"}],"curies":[{"name":"wp","href":"https:\/\/api.w.org\/{rel}","templated":true}]}}