{"id":10431,"date":"2022-07-08T12:01:21","date_gmt":"2022-07-08T10:01:21","guid":{"rendered":"https:\/\/www.cbjurstrom.eu\/?page_id=10431"},"modified":"2024-09-11T18:09:31","modified_gmt":"2024-09-11T16:09:31","slug":"elles-nen-font-qua-leur-tete","status":"publish","type":"page","link":"https:\/\/www.cbjurstrom.eu\/index.php\/elles-nen-font-qua-leur-tete\/","title":{"rendered":"Elles n&rsquo;en font qu&rsquo;\u00e0 leur t\u00eate"},"content":{"rendered":"\n<div class=\"wp-block-media-text alignwide is-stacked-on-mobile\"><figure class=\"wp-block-media-text__media\"><img loading=\"lazy\" decoding=\"async\" width=\"1024\" height=\"768\" src=\"https:\/\/www.cbjurstrom.eu\/wp-content\/uploads\/madame-envies-1024x768.jpg\" alt=\"\" class=\"wp-image-10432 size-full\" srcset=\"https:\/\/www.cbjurstrom.eu\/wp-content\/uploads\/madame-envies-1024x768.jpg 1024w, https:\/\/www.cbjurstrom.eu\/wp-content\/uploads\/madame-envies-300x225.jpg 300w, https:\/\/www.cbjurstrom.eu\/wp-content\/uploads\/madame-envies-768x576.jpg 768w, https:\/\/www.cbjurstrom.eu\/wp-content\/uploads\/madame-envies.jpg 1280w\" sizes=\"auto, (max-width: 1024px) 100vw, 1024px\" \/><\/figure><div class=\"wp-block-media-text__content\">\n<p class=\"has-medium-font-size\">Un programme pour d\u00e9couvrir L\u00e9ontine, Rosalie et les autres personnages f\u00e9minins comiques des d\u00e9buts du cin\u00e9ma fran\u00e7ais. Jamais \u00e0 cours de mauvais tours elles d\u00e9vastent tout sur leur passage, \u00e9lectrisent les passants, s&rsquo;envolent, font litt\u00e9ralement perdre la t\u00eate aux hommes, se mettent en gr\u00e8ve ou ne suivent que leurs envies. <\/p>\n<\/div><\/div>\n\n\n\n<figure class=\"wp-block-embed is-type-video is-provider-youtube wp-block-embed-youtube wp-embed-aspect-16-9 wp-has-aspect-ratio\"><div class=\"wp-block-embed__wrapper\">\n<div class=\"nv-iframe-embed\"><iframe loading=\"lazy\" title=\"Cin\u00e9-Concert Elles n&#039;en font qu&#039;\u00e0 leur t\u00eate\" width=\"1200\" height=\"675\" src=\"https:\/\/www.youtube.com\/embed\/eSREhtGRxww?feature=oembed\" frameborder=\"0\" allow=\"accelerometer; autoplay; clipboard-write; encrypted-media; gyroscope; picture-in-picture; web-share\" referrerpolicy=\"strict-origin-when-cross-origin\" allowfullscreen><\/iframe><\/div>\n<\/div><figcaption class=\"wp-element-caption\">Elles n&rsquo;en font qu&rsquo;\u00e0 leur t\u00eate, cin\u00e9-concert par Christofer Bjurstr\u00f6m et Catherine Le Flochmoan<\/figcaption><\/figure>\n\n\n\n<p><strong>Elles n&rsquo;en font qu&rsquo;\u00e0 leur t\u00eate !<\/strong><br>France&nbsp;| 1906-1911&nbsp;&nbsp;| 56 minutes&nbsp;|&nbsp;\u00e0 partir de 6 ans<br>Un programme con\u00e7u par le&nbsp;d\u00e9partement de l&rsquo;action \u00e9ducative de la Cin\u00e9math\u00e8que fran\u00e7aise et GP Archives \u00e0 l&rsquo;occasion du Festival Toute la m\u00e9moire du monde (2022).<br>Distribution : GP Archives&nbsp;&nbsp;<br>Versions restaur\u00e9es par La Fondation J\u00e9r\u00f4me Seydoux-Path\u00e9&nbsp;et Gaumont<\/p>\n\n\n\n<p><strong>La\u00a0Pile \u00e9lectrique de L\u00e9ontine<\/strong>,1910, 6&prime;<br><strong>La\u00a0Gr\u00e8ve des nourrices\u00a0<\/strong>d&rsquo;Andr\u00e9 Heuz\u00e9, 1907,12&prime;<br><strong>Une dame vraiment bien<\/strong>\u00a0de Louis Feuillade, 1908, 4&prime;<br><strong>Monsieur veut se marier<\/strong>\u00a0de\u00a0Louis Feuillade, 1910, 8&prime;<br><strong>Madame a des envies <\/strong>attribu\u00e9 \u00e0\u00a0Alice Guy, 1906, 5&prime;<br><strong>Non, tu ne sortiras pas sans moi<\/strong>\u00a0de Jean Durand, 1911, 5&prime;<br><strong>Little\u00a0Moritz\u00a0enl\u00e8ve Rosalie<\/strong>\u00a0de Henry\u00a0Gambart, 1911, 7&prime;<br><strong>Une femme collante\u00a0<\/strong>attribu\u00e9 \u00e0\u00a0Alice Guy, 1906, 3&prime;<br><strong>L\u00e9ontine s&rsquo;envole,\u00a0<\/strong>marque Comica, 1911, 6&prime;<\/p>\n\n\n\n<h2 class=\"wp-block-heading\">La musique<\/h2>\n\n\n\n<p><strong>DUO : Catherine Le Flochmoan<\/strong> (voix, chant, objets sonores),&nbsp;<strong>Christofer Bjurstr\u00f6m <\/strong>(piano, fl\u00fbtes, \u00e9lectronique, composition)<br><br>Il s&rsquo;agit de vivre une aventure avec ces films pionniers en proposant une musique joyeuse et d\u00e9brid\u00e9e, utilisant toutes les ressources de la voix (f\u00e9minine, cela va de soi) : bonimenter, chanter, commenter, faire diverses \u00e9tranget\u00e9s&#8230;.Autant de films, autant de miniatures musicales de caract\u00e8res r\u00e9solument vari\u00e9s (conte musical, m\u00e9lodies malicieuses, ou \u00e9pisodes chant\u00e9s dans un esprit com\u00e9die musicale un peu d\u00e9vi\u00e9e) pour un bric \u00e0 brac dynamique et gentiment surr\u00e9aliste.<br><\/p>\n\n\n\n<p>Catherine Le Flochmoan et Christofer Bjurstr\u00f6m ont ensemble une longue exp\u00e9rience du rapport avec le jeune public avec la Compagnie Marmouzic (<em>Le Voyage d&rsquo;Hipoll\u00e8ne<\/em>, <em>Le Myst\u00e8re Bigoulet<\/em>, <em>Le Voleur et la Princesse<\/em>&#8230;) ainsi qu&rsquo;avec les cin\u00e9-concerts de Christofer Bjurstr\u00f6m (<em>Les Aventures du Prince Ahmed &#8230;<\/em>)<\/p>\n\n\n\n<p>Programme dans le cadre de l&rsquo;ADRC<\/p>\n","protected":false},"excerpt":{"rendered":"<p>Un programme pour d\u00e9couvrir L\u00e9ontine, Rosalie et les autres personnages f\u00e9minins comiques des d\u00e9buts du cin\u00e9ma fran\u00e7ais. Jamais \u00e0 cours de mauvais tours elles d\u00e9vastent tout sur leur passage, \u00e9lectrisent les passants, s&rsquo;envolent, font litt\u00e9ralement perdre la t\u00eate aux hommes, se mettent en gr\u00e8ve ou ne suivent que leurs envies. Elles n&rsquo;en font qu&rsquo;\u00e0 leur&hellip;&nbsp;<\/p>\n","protected":false},"author":1,"featured_media":661,"parent":0,"menu_order":0,"comment_status":"closed","ping_status":"closed","template":"","meta":{"neve_meta_sidebar":"","neve_meta_container":"","neve_meta_enable_content_width":"","neve_meta_content_width":0,"neve_meta_title_alignment":"","neve_meta_author_avatar":"","neve_post_elements_order":"","neve_meta_disable_header":"","neve_meta_disable_footer":"","neve_meta_disable_title":"","footnotes":""},"class_list":["post-10431","page","type-page","status-publish","has-post-thumbnail","hentry"],"_links":{"self":[{"href":"https:\/\/www.cbjurstrom.eu\/index.php\/wp-json\/wp\/v2\/pages\/10431","targetHints":{"allow":["GET"]}}],"collection":[{"href":"https:\/\/www.cbjurstrom.eu\/index.php\/wp-json\/wp\/v2\/pages"}],"about":[{"href":"https:\/\/www.cbjurstrom.eu\/index.php\/wp-json\/wp\/v2\/types\/page"}],"author":[{"embeddable":true,"href":"https:\/\/www.cbjurstrom.eu\/index.php\/wp-json\/wp\/v2\/users\/1"}],"replies":[{"embeddable":true,"href":"https:\/\/www.cbjurstrom.eu\/index.php\/wp-json\/wp\/v2\/comments?post=10431"}],"version-history":[{"count":7,"href":"https:\/\/www.cbjurstrom.eu\/index.php\/wp-json\/wp\/v2\/pages\/10431\/revisions"}],"predecessor-version":[{"id":11120,"href":"https:\/\/www.cbjurstrom.eu\/index.php\/wp-json\/wp\/v2\/pages\/10431\/revisions\/11120"}],"wp:featuredmedia":[{"embeddable":true,"href":"https:\/\/www.cbjurstrom.eu\/index.php\/wp-json\/wp\/v2\/media\/661"}],"wp:attachment":[{"href":"https:\/\/www.cbjurstrom.eu\/index.php\/wp-json\/wp\/v2\/media?parent=10431"}],"curies":[{"name":"wp","href":"https:\/\/api.w.org\/{rel}","templated":true}]}}