{"id":10311,"date":"2022-01-26T17:10:22","date_gmt":"2022-01-26T16:10:22","guid":{"rendered":"https:\/\/www.cbjurstrom.eu\/?page_id=10311"},"modified":"2025-10-23T11:31:39","modified_gmt":"2025-10-23T09:31:39","slug":"la-musique-des-cine-concerts","status":"publish","type":"page","link":"https:\/\/www.cbjurstrom.eu\/index.php\/la-musique-des-cine-concerts\/","title":{"rendered":"La musique des Cin\u00e9-Concerts"},"content":{"rendered":"\n<p class=\"has-medium-font-size\">Saisir l&rsquo;esprit de chaque film, chercher l&rsquo;instrumentation et les interpr\u00e8tes pour chaque film, c&rsquo;est un choix sans cesse renouvel\u00e9 au fur et \u00e0 mesure des cr\u00e9ations pour les films.<\/p>\n\n\n\n<p class=\"has-medium-font-size\">Entendons-nous bien, il s&rsquo;agit de musiques de films, faites pour vivre en fusion avec les films choisis. Et, selon le caract\u00e8res du film elle pourra \u00eatre radicalement diff\u00e9rente.<\/p>\n\n\n\n<h1 class=\"wp-block-heading has-text-align-center has-black-color has-background-color-background-color has-text-color has-background\" id=\"le-son-du-burlesque\"><strong>Le son du burlesque&nbsp;:<\/strong><\/h1>\n\n\n\n<h2 class=\"wp-block-heading\" id=\"le-mecano-de-la-general-buster-keaton\">Le M\u00e9cano de la General&nbsp;(Buster Keaton): <\/h2>\n\n\n\n<div class=\"wp-block-columns is-layout-flex wp-container-core-columns-is-layout-9d6595d7 wp-block-columns-is-layout-flex\">\n<div class=\"wp-block-column is-layout-flow wp-block-column-is-layout-flow\">\n<figure class=\"wp-block-audio\"><audio controls src=\"https:\/\/www.cbjurstrom.eu\/wp-content\/uploads\/2020\/10\/Mecano-Generale-extr1.mp3\"><\/audio><figcaption class=\"wp-element-caption\">Le M\u00e9cano de la General: extrait 1 \/ duo piano-batterie<\/figcaption><\/figure>\n<\/div>\n\n\n\n<div class=\"wp-block-column is-layout-flow wp-block-column-is-layout-flow\">\n<figure class=\"wp-block-audio\"><audio controls src=\"https:\/\/www.cbjurstrom.eu\/wp-content\/uploads\/2020\/10\/Mecano-Generale-extr2.mp3\"><\/audio><figcaption class=\"wp-element-caption\">Le M\u00e9cano de la General: extrait 2 \/ duo piano\/ batterie<\/figcaption><\/figure>\n<\/div>\n<\/div>\n\n\n\n<h2 class=\"wp-block-heading\" id=\"le-dernier-round-buster-keaton\">Le Dernier Round (Buster Keaton)&nbsp;: <\/h2>\n\n\n\n<figure class=\"wp-block-audio\"><audio controls src=\"https:\/\/www.cbjurstrom.eu\/wp-content\/uploads\/2020\/10\/battling-butler-4.mp3\"><\/audio><figcaption class=\"wp-element-caption\">Le Dernier Round : extrait piano solo<\/figcaption><\/figure>\n\n\n\n<h2 class=\"wp-block-heading\" id=\"safety-last-harold-lloyd\"><\/h2>\n\n\n\n<h2 class=\"wp-block-heading\" id=\"charlot-festival-chaplin\">Charlot Festival (Chaplin)<\/h2>\n\n\n\n<figure class=\"wp-block-embed is-type-video is-provider-youtube wp-block-embed-youtube wp-embed-aspect-16-9 wp-has-aspect-ratio\"><div class=\"wp-block-embed__wrapper\">\n<div class=\"nv-iframe-embed\"><iframe loading=\"lazy\" title=\"Extrait Cin\u00e9-Concert Charlot Emigrant Duo\" width=\"1200\" height=\"675\" src=\"https:\/\/www.youtube.com\/embed\/-o--dFfP0hc?feature=oembed\" frameborder=\"0\" allow=\"accelerometer; autoplay; clipboard-write; encrypted-media; gyroscope; picture-in-picture; web-share\" referrerpolicy=\"strict-origin-when-cross-origin\" allowfullscreen><\/iframe><\/div>\n<\/div><\/figure>\n\n\n\n<h2 class=\"wp-block-heading\" id=\"inventaire-d-inventeurs\">Inventaire d&rsquo;Inventeurs&nbsp;:<\/h2>\n\n\n\n<figure class=\"wp-block-embed is-type-video is-provider-vimeo wp-block-embed-vimeo wp-embed-aspect-4-3 wp-has-aspect-ratio\"><div class=\"wp-block-embed__wrapper\">\n<div class=\"nv-iframe-embed\"><iframe loading=\"lazy\" title=\"Inventaire-Inventeurs-extraits\" src=\"https:\/\/player.vimeo.com\/video\/190580738?dnt=1&amp;app_id=122963\" width=\"640\" height=\"480\" frameborder=\"0\" allow=\"autoplay; fullscreen; picture-in-picture; clipboard-write; encrypted-media; web-share\" referrerpolicy=\"strict-origin-when-cross-origin\"><\/iframe><\/div>\n<\/div><\/figure>\n\n\n\n<h1 class=\"wp-block-heading has-black-color has-background-color-background-color has-text-color has-background\" id=\"le-son-des-films-d-aventures\"><strong>Le son des films d&rsquo;aventures&nbsp;:<\/strong><\/h1>\n\n\n\n<h2 class=\"wp-block-heading\" id=\"les-aventures-du-prince-ahmed-lotte-reiniger\">Les Aventures du Prince Ahmed&nbsp;(Lotte Reiniger):<\/h2>\n\n\n\n<figure class=\"wp-block-embed is-type-video is-provider-vimeo wp-block-embed-vimeo wp-embed-aspect-4-3 wp-has-aspect-ratio\"><div class=\"wp-block-embed__wrapper\">\n<div class=\"nv-iframe-embed\"><iframe loading=\"lazy\" title=\"Les Aventures du Prince Ahmed\" src=\"https:\/\/player.vimeo.com\/video\/190583165?dnt=1&amp;app_id=122963\" width=\"640\" height=\"480\" frameborder=\"0\" allow=\"autoplay; fullscreen; picture-in-picture; clipboard-write; encrypted-media; web-share\" referrerpolicy=\"strict-origin-when-cross-origin\"><\/iframe><\/div>\n<\/div><\/figure>\n\n\n\n<h2 class=\"wp-block-heading\" id=\"le-voleur-de-bagdad-raoul-walsh\">Le Voleur de Bagdad (Raoul Walsh)<\/h2>\n\n\n\n<figure class=\"wp-block-embed is-type-video is-provider-vimeo wp-block-embed-vimeo wp-embed-aspect-16-9 wp-has-aspect-ratio\"><div class=\"wp-block-embed__wrapper\">\n<div class=\"nv-iframe-embed\"><iframe loading=\"lazy\" title=\"CINE CONCERT LE VOLEUR DE BAGDAD\" src=\"https:\/\/player.vimeo.com\/video\/371605400?dnt=1&amp;app_id=122963\" width=\"1200\" height=\"675\" frameborder=\"0\" allow=\"autoplay; fullscreen; picture-in-picture; clipboard-write; encrypted-media; web-share\" referrerpolicy=\"strict-origin-when-cross-origin\"><\/iframe><\/div>\n<\/div><\/figure>\n\n\n\n<h1 class=\"wp-block-heading has-black-color has-background-color-background-color has-text-color has-background\" id=\"suspense-drame-et-tensions-diverses\"><strong>Suspense, drame et tensions diverses&nbsp;:<\/strong><\/h1>\n\n\n\n<h2 class=\"wp-block-heading\" id=\"the-lodger-hitchcock\">The Lodger (Hitchcock)&nbsp;:<\/h2>\n\n\n\n<figure class=\"wp-block-embed is-type-video is-provider-vimeo wp-block-embed-vimeo wp-embed-aspect-4-3 wp-has-aspect-ratio\"><div class=\"wp-block-embed__wrapper\">\n<div class=\"nv-iframe-embed\"><iframe loading=\"lazy\" title=\"Cin\u00e9-Concert The Lodger\" src=\"https:\/\/player.vimeo.com\/video\/137681591?dnt=1&amp;app_id=122963\" width=\"720\" height=\"576\" frameborder=\"0\" allow=\"autoplay; fullscreen; picture-in-picture; clipboard-write; encrypted-media; web-share\" referrerpolicy=\"strict-origin-when-cross-origin\"><\/iframe><\/div>\n<\/div><\/figure>\n\n\n\n<h2 class=\"wp-block-heading\" id=\"les-mains-d-orlac-r-wiene\">Les Mains d&rsquo;Orlac (R. Wiene)&nbsp;:<\/h2>\n\n\n\n<figure class=\"wp-block-audio\"><audio controls src=\"https:\/\/www.cbjurstrom.eu\/wp-content\/uploads\/2020\/10\/orlac.mp3\"><\/audio><figcaption class=\"wp-element-caption\">Les Mains d&rsquo;Orlac  extrait : batterie, \u00e9lectronique, piano<\/figcaption><\/figure>\n\n\n\n<h2 class=\"wp-block-heading\" id=\"dr-jekyll-et-mr-hyde-j-robertson\">Dr Jekyll et Mr Hyde (J. Robertson)&nbsp;:<\/h2>\n\n\n\n<figure class=\"wp-block-audio\"><audio controls src=\"https:\/\/www.cbjurstrom.eu\/wp-content\/uploads\/2020\/10\/jekyll-c-2.mp3\"><\/audio><figcaption class=\"wp-element-caption\">Docteur Jekyll et Mr Hyde : extrait: violon, piano, \u00e9lectronique<\/figcaption><\/figure>\n\n\n\n<h2 class=\"wp-block-heading\" id=\"une-femme-a-passe-rene-jayet\">Une Femme a pass\u00e9 (Ren\u00e9 Jayet)&nbsp;: <\/h2>\n\n\n\n<figure class=\"wp-block-audio\"><audio controls src=\"https:\/\/www.cbjurstrom.eu\/wp-content\/uploads\/2020\/10\/femme-1-intro-court-mix3.mp3\"><\/audio><figcaption class=\"wp-element-caption\">Une femme a pass\u00e9 : extrait: accord\u00e9on, piano, basse<\/figcaption><\/figure>\n\n\n\n<h1 class=\"wp-block-heading has-black-color has-background-color-background-color has-text-color has-background\" id=\"atmospheres\"><strong>Atmosph\u00e8res&#8230;<\/strong><\/h1>\n\n\n\n<h2 class=\"wp-block-heading\">En Marge de Go\u00ebmons (Yannick Bellon)<\/h2>\n\n\n\n<figure class=\"wp-block-embed is-type-video is-provider-youtube wp-block-embed-youtube wp-embed-aspect-16-9 wp-has-aspect-ratio\"><div class=\"wp-block-embed__wrapper\">\n<div class=\"nv-iframe-embed\"><iframe loading=\"lazy\" title=\"Cin\u00e9-Concert En Marge de Goemons\" width=\"1200\" height=\"675\" src=\"https:\/\/www.youtube.com\/embed\/_Z2owRg5rNs?feature=oembed\" frameborder=\"0\" allow=\"accelerometer; autoplay; clipboard-write; encrypted-media; gyroscope; picture-in-picture; web-share\" referrerpolicy=\"strict-origin-when-cross-origin\" allowfullscreen><\/iframe><\/div>\n<\/div><\/figure>\n\n\n\n<h2 class=\"wp-block-heading\" id=\"etudes-sur-paris\">Etudes sur Paris<\/h2>\n\n\n\n<figure class=\"wp-block-audio\"><audio controls src=\"https:\/\/www.cbjurstrom.eu\/wp-content\/uploads\/2020\/10\/etudes-paris-extrait1.wav\"><\/audio><figcaption class=\"wp-element-caption\">Etudes sur Paris \/ extrait: piano \/ contrebasse<\/figcaption><\/figure>\n","protected":false},"excerpt":{"rendered":"<p>Saisir l&rsquo;esprit de chaque film, chercher l&rsquo;instrumentation et les interpr\u00e8tes pour chaque film, c&rsquo;est un choix sans cesse renouvel\u00e9 au fur et \u00e0 mesure des cr\u00e9ations pour les films. Entendons-nous bien, il s&rsquo;agit de musiques de films, faites pour vivre en fusion avec les films choisis. Et, selon le caract\u00e8res du film elle pourra \u00eatre&hellip;&nbsp;<\/p>\n","protected":false},"author":1,"featured_media":977,"parent":0,"menu_order":0,"comment_status":"closed","ping_status":"closed","template":"","meta":{"neve_meta_sidebar":"","neve_meta_container":"","neve_meta_enable_content_width":"","neve_meta_content_width":0,"neve_meta_title_alignment":"","neve_meta_author_avatar":"","neve_post_elements_order":"","neve_meta_disable_header":"","neve_meta_disable_footer":"","neve_meta_disable_title":"","footnotes":""},"class_list":["post-10311","page","type-page","status-publish","has-post-thumbnail","hentry"],"_links":{"self":[{"href":"https:\/\/www.cbjurstrom.eu\/index.php\/wp-json\/wp\/v2\/pages\/10311","targetHints":{"allow":["GET"]}}],"collection":[{"href":"https:\/\/www.cbjurstrom.eu\/index.php\/wp-json\/wp\/v2\/pages"}],"about":[{"href":"https:\/\/www.cbjurstrom.eu\/index.php\/wp-json\/wp\/v2\/types\/page"}],"author":[{"embeddable":true,"href":"https:\/\/www.cbjurstrom.eu\/index.php\/wp-json\/wp\/v2\/users\/1"}],"replies":[{"embeddable":true,"href":"https:\/\/www.cbjurstrom.eu\/index.php\/wp-json\/wp\/v2\/comments?post=10311"}],"version-history":[{"count":14,"href":"https:\/\/www.cbjurstrom.eu\/index.php\/wp-json\/wp\/v2\/pages\/10311\/revisions"}],"predecessor-version":[{"id":11309,"href":"https:\/\/www.cbjurstrom.eu\/index.php\/wp-json\/wp\/v2\/pages\/10311\/revisions\/11309"}],"wp:featuredmedia":[{"embeddable":true,"href":"https:\/\/www.cbjurstrom.eu\/index.php\/wp-json\/wp\/v2\/media\/977"}],"wp:attachment":[{"href":"https:\/\/www.cbjurstrom.eu\/index.php\/wp-json\/wp\/v2\/media?parent=10311"}],"curies":[{"name":"wp","href":"https:\/\/api.w.org\/{rel}","templated":true}]}}